{"id":21237,"date":"2025-09-11T14:08:52","date_gmt":"2025-09-11T11:08:52","guid":{"rendered":"https:\/\/www.mertkomak.com\/?post_type=product&#038;p=21237"},"modified":"2025-09-11T14:08:59","modified_gmt":"2025-09-11T11:08:59","slug":"04847","status":"publish","type":"product","link":"https:\/\/www.mertkomak.com\/en\/magaza\/04847\/","title":{"rendered":"Pluvia Brand Rope Washing Machine, 2018 model"},"content":{"rendered":"<p><strong>Pluvia Brand Rope Washing Machine, 2018 model, 2 pcs open width washing tank (200 cm width), 10 rope washing channels, Beneks brand rope opener (2019 model, 200 cm width), installed and running situation.<\/strong><\/p>","protected":false},"excerpt":{"rendered":"<p>Pluvia Marka Halat Y\u0131kama Makinas\u0131, 2018 model, 2 kabin a\u00e7ik en y\u0131kama (200 cm eninde), 10 g\u00f6z halat y\u0131kama, Beneks marka halat a\u00e7ma (219 model, 200 cm eninde), kurulu ve \u00e7al\u0131\u015f\u0131r vaziyette.<\/p>","protected":false},"featured_media":21239,"template":"","meta":{"googlesitekit_rrm_CAown9nKDA:productID":"","_joinchat":[],"jetpack_publicize_message":"","jetpack_publicize_feature_enabled":true,"jetpack_social_post_already_shared":true,"jetpack_social_options":{"image_generator_settings":{"template":"highway","default_image_id":0,"font":"","enabled":false},"version":2}},"pwb-brand":[800],"product_brand":[],"product_cat":[187],"product_tag":[],"class_list":{"0":"post-21237","1":"product","2":"type-product","3":"status-publish","4":"has-post-thumbnail","6":"pwb-brand-pluvia","7":"pwb-model-95","8":"product_cat-kontini-halat-yikama-makinalari","10":"first","11":"instock","12":"shipping-taxable","13":"product-type-simple"},"models":[{"id":95,"name":"2018","slug":"2018"}],"proviences":[],"jetpack_publicize_connections":[],"brands":[{"id":800,"name":"Pluvia","slug":"pluvia"}],"_links":{"self":[{"href":"https:\/\/www.mertkomak.com\/en\/wp-json\/wp\/v2\/product\/21237","targetHints":{"allow":["GET"]}}],"collection":[{"href":"https:\/\/www.mertkomak.com\/en\/wp-json\/wp\/v2\/product"}],"about":[{"href":"https:\/\/www.mertkomak.com\/en\/wp-json\/wp\/v2\/types\/product"}],"wp:featuredmedia":[{"embeddable":true,"href":"https:\/\/www.mertkomak.com\/en\/wp-json\/wp\/v2\/media\/21239"}],"wp:attachment":[{"href":"https:\/\/www.mertkomak.com\/en\/wp-json\/wp\/v2\/media?parent=21237"}],"wp:term":[{"taxonomy":"pwb-brand","embeddable":true,"href":"https:\/\/www.mertkomak.com\/en\/wp-json\/wp\/v2\/pwb-brand?post=21237"},{"taxonomy":"product_brand","embeddable":true,"href":"https:\/\/www.mertkomak.com\/en\/wp-json\/wp\/v2\/product_brand?post=21237"},{"taxonomy":"product_cat","embeddable":true,"href":"https:\/\/www.mertkomak.com\/en\/wp-json\/wp\/v2\/product_cat?post=21237"},{"taxonomy":"product_tag","embeddable":true,"href":"https:\/\/www.mertkomak.com\/en\/wp-json\/wp\/v2\/product_tag?post=21237"}],"curies":[{"name":"wp","href":"https:\/\/api.w.org\/{rel}","templated":true}]}}