{"id":21990,"date":"2025-10-21T10:48:39","date_gmt":"2025-10-21T07:48:39","guid":{"rendered":"https:\/\/www.mertkomak.com\/?post_type=product&#038;p=21990"},"modified":"2025-10-21T10:48:47","modified_gmt":"2025-10-21T07:48:47","slug":"04927","status":"publish","type":"product","link":"https:\/\/www.mertkomak.com\/en\/magaza\/04927\/","title":{"rendered":"7 adet Sulzer P7200 Arm\u00fcll\u00fc Dokuma Makinas\u0131, 330-390 cm, 1995 model"},"content":{"rendered":"<p><strong>7 pcs Sulzer P7200 Dobby Weaving Machines, 1995 model<\/strong><\/p>\n<ul>\n<li><strong>2 pcs Sulzer P7200 Dobby Weaving Machines, P7200 S 390 N4 SP D1, 390 cm width<\/strong><\/li>\n<li><strong>5 pcs Sulzer P7200 Dobby Weaving Machines, P7200 S 330 N4 SP D1, 330 cm width<\/strong><\/li>\n<\/ul>\n<p><strong>2 pcs weft feeding, 14 shafts, 4 frames, 1,5 beams, 10.000 heald wires, 10.000 droppers, installed and running situation<\/strong><\/p>","protected":false},"excerpt":{"rendered":"<p>7 pcs Sulzer P7200 Dobby Weaving Machines, 1995 model<\/p>\n<ul>\n<li>2 pcs Sulzer P7200 Dobby Weaving Machines, P7200 S 390 N4 SP D1, 390 cm width<\/li>\n<li>5 pcs Sulzer P7200 Dobby Weaving Machines, P7200 S 330 N4 SP D1, 330 cm width<\/li>\n<\/ul>\n<p>2 pcs weft feeding, 14 shafts, 4 frames, 1,5 beams, 10.000 heald wires, 10.000 droppers, installed and running situation<\/p>","protected":false},"featured_media":21995,"template":"","meta":{"googlesitekit_rrm_CAown9nKDA:productID":"","_joinchat":[],"jetpack_publicize_message":"","jetpack_publicize_feature_enabled":true,"jetpack_social_post_already_shared":true,"jetpack_social_options":{"image_generator_settings":{"template":"highway","default_image_id":0,"font":"","enabled":false},"version":2}},"pwb-brand":[405],"product_brand":[],"product_cat":[404],"product_tag":[],"class_list":{"0":"post-21990","1":"product","2":"type-product","3":"status-publish","4":"has-post-thumbnail","6":"pwb-brand-sulzer","7":"pwb-model-93","8":"product_cat-sulzer-smit-dokuma-makinalari","10":"first","11":"instock","12":"shipping-taxable","13":"product-type-simple"},"models":[{"id":93,"name":"1995","slug":"1995"}],"proviences":[],"jetpack_publicize_connections":[],"brands":[{"id":405,"name":"Sulzer","slug":"sulzer"}],"_links":{"self":[{"href":"https:\/\/www.mertkomak.com\/en\/wp-json\/wp\/v2\/product\/21990","targetHints":{"allow":["GET"]}}],"collection":[{"href":"https:\/\/www.mertkomak.com\/en\/wp-json\/wp\/v2\/product"}],"about":[{"href":"https:\/\/www.mertkomak.com\/en\/wp-json\/wp\/v2\/types\/product"}],"wp:featuredmedia":[{"embeddable":true,"href":"https:\/\/www.mertkomak.com\/en\/wp-json\/wp\/v2\/media\/21995"}],"wp:attachment":[{"href":"https:\/\/www.mertkomak.com\/en\/wp-json\/wp\/v2\/media?parent=21990"}],"wp:term":[{"taxonomy":"pwb-brand","embeddable":true,"href":"https:\/\/www.mertkomak.com\/en\/wp-json\/wp\/v2\/pwb-brand?post=21990"},{"taxonomy":"product_brand","embeddable":true,"href":"https:\/\/www.mertkomak.com\/en\/wp-json\/wp\/v2\/product_brand?post=21990"},{"taxonomy":"product_cat","embeddable":true,"href":"https:\/\/www.mertkomak.com\/en\/wp-json\/wp\/v2\/product_cat?post=21990"},{"taxonomy":"product_tag","embeddable":true,"href":"https:\/\/www.mertkomak.com\/en\/wp-json\/wp\/v2\/product_tag?post=21990"}],"curies":[{"name":"wp","href":"https:\/\/api.w.org\/{rel}","templated":true}]}}