{"id":22130,"date":"2025-11-06T14:13:12","date_gmt":"2025-11-06T11:13:12","guid":{"rendered":"https:\/\/www.mertkomak.com\/?post_type=product&#038;p=22130"},"modified":"2026-04-04T11:33:29","modified_gmt":"2026-04-04T08:33:29","slug":"04940","status":"publish","type":"product","link":"https:\/\/www.mertkomak.com\/en\/magaza\/04940\/","title":{"rendered":"10 adet Karl Mayer RJSC 4F-NE Marka Ra\u015fel \u00d6rg\u00fc Makinas\u0131 ( Dantel &#8211; Masa \u00f6rt\u00fcs\u00fc &#8211; Desenli Perde )"},"content":{"rendered":"<p><strong>10 adet Karl Mayer RJSC 4F-NE Marka\u00a0 Ra\u015fel \u00d6rg\u00fc Makinas\u0131, 6.0 mt eninde, Dantel &#8211; Masa \u00f6rt\u00fcs\u00fc &#8211; Desenli Perde \u00fcretebilen bu makinalar 1996-1997 model, \u00e7ok bak\u0131ml\u0131 ,\u00a0 kurulu ve \u00e7al\u0131\u015f\u0131r durumda.<\/strong><\/p>","protected":false},"excerpt":{"rendered":"<p>10 adet Karl Mayer RJSC 4F-NE Marka\u00a0 Ra\u015fel \u00d6rg\u00fc Makinas\u0131, 6.0 mt eninde, Dantel &#8211; Masa \u00f6rt\u00fcs\u00fc &#8211; Desenli Perde \u00fcretebilen bu makinalar 1996-1997 model, \u00e7ok bak\u0131ml\u0131 ,\u00a0 kurulu ve \u00e7al\u0131\u015f\u0131r durumda.<\/p>","protected":false},"featured_media":22136,"template":"","meta":{"googlesitekit_rrm_CAown9nKDA:productID":"","_joinchat":[],"jetpack_publicize_message":"","jetpack_publicize_feature_enabled":true,"jetpack_social_post_already_shared":true,"jetpack_social_options":{"image_generator_settings":{"template":"highway","default_image_id":0,"font":"","enabled":false},"version":2}},"pwb-brand":[445],"product_brand":[],"product_cat":[611],"product_tag":[],"class_list":{"0":"post-22130","1":"product","2":"type-product","3":"status-publish","4":"has-post-thumbnail","6":"pwb-brand-karl-mayer","7":"pwb-model-92","8":"pwb-model-125","9":"product_cat-rasel-orme-makinalari","11":"first","12":"instock","13":"shipping-taxable","14":"product-type-simple"},"models":[{"id":92,"name":"1996","slug":"1996"},{"id":125,"name":"1997","slug":"1997"}],"proviences":[],"jetpack_publicize_connections":[],"brands":[{"id":445,"name":"Karl Mayer","slug":"karl-mayer"}],"_links":{"self":[{"href":"https:\/\/www.mertkomak.com\/en\/wp-json\/wp\/v2\/product\/22130","targetHints":{"allow":["GET"]}}],"collection":[{"href":"https:\/\/www.mertkomak.com\/en\/wp-json\/wp\/v2\/product"}],"about":[{"href":"https:\/\/www.mertkomak.com\/en\/wp-json\/wp\/v2\/types\/product"}],"wp:featuredmedia":[{"embeddable":true,"href":"https:\/\/www.mertkomak.com\/en\/wp-json\/wp\/v2\/media\/22136"}],"wp:attachment":[{"href":"https:\/\/www.mertkomak.com\/en\/wp-json\/wp\/v2\/media?parent=22130"}],"wp:term":[{"taxonomy":"pwb-brand","embeddable":true,"href":"https:\/\/www.mertkomak.com\/en\/wp-json\/wp\/v2\/pwb-brand?post=22130"},{"taxonomy":"product_brand","embeddable":true,"href":"https:\/\/www.mertkomak.com\/en\/wp-json\/wp\/v2\/product_brand?post=22130"},{"taxonomy":"product_cat","embeddable":true,"href":"https:\/\/www.mertkomak.com\/en\/wp-json\/wp\/v2\/product_cat?post=22130"},{"taxonomy":"product_tag","embeddable":true,"href":"https:\/\/www.mertkomak.com\/en\/wp-json\/wp\/v2\/product_tag?post=22130"}],"curies":[{"name":"wp","href":"https:\/\/api.w.org\/{rel}","templated":true}]}}