{"id":22205,"date":"2025-11-13T10:52:22","date_gmt":"2025-11-13T07:52:22","guid":{"rendered":"https:\/\/www.mertkomak.com\/?post_type=product&#038;p=22205"},"modified":"2025-11-18T12:20:55","modified_gmt":"2025-11-18T09:20:55","slug":"04948","status":"publish","type":"product","link":"https:\/\/www.mertkomak.com\/en\/magaza\/04948\/","title":{"rendered":"\u0130deal Marka , Sko\u00e7 Tipi TS377 Buhar Kazan\u0131 , 2002 Model"},"content":{"rendered":"<p><strong>Ideal Brand Scotch TS377 Steam Boiler, 3.4 million Kcal \/hour, 150 m\u00b2, 2002 model, Gokce burner, gas separator, condensate tank, installed and running situation.<\/strong><\/p>","protected":false},"excerpt":{"rendered":"<p>Ideal Brand Scotch TS377 Steam Boiler, 3.4 million Kcal \/hour, 150 m\u00b2, 2002 model, Gokce burner, gas separator, condensate tank, installed and running situation.<\/p>","protected":false},"featured_media":22206,"template":"","meta":{"googlesitekit_rrm_CAown9nKDA:productID":"","_joinchat":[],"jetpack_publicize_message":"","jetpack_publicize_feature_enabled":true,"jetpack_social_post_already_shared":true,"jetpack_social_options":{"image_generator_settings":{"template":"highway","default_image_id":0,"font":"","enabled":false},"version":2}},"pwb-brand":[58],"product_brand":[],"product_cat":[42],"product_tag":[],"class_list":{"0":"post-22205","1":"product","2":"type-product","3":"status-publish","4":"has-post-thumbnail","6":"pwb-brand-ideal","7":"pwb-model-96","8":"product_cat-buhar-kazanlari","10":"first","11":"instock","12":"shipping-taxable","13":"product-type-simple"},"models":[{"id":96,"name":"2002","slug":"2002"}],"proviences":[],"jetpack_publicize_connections":[],"brands":[{"id":58,"name":"Ideal","slug":"ideal"}],"_links":{"self":[{"href":"https:\/\/www.mertkomak.com\/en\/wp-json\/wp\/v2\/product\/22205","targetHints":{"allow":["GET"]}}],"collection":[{"href":"https:\/\/www.mertkomak.com\/en\/wp-json\/wp\/v2\/product"}],"about":[{"href":"https:\/\/www.mertkomak.com\/en\/wp-json\/wp\/v2\/types\/product"}],"wp:featuredmedia":[{"embeddable":true,"href":"https:\/\/www.mertkomak.com\/en\/wp-json\/wp\/v2\/media\/22206"}],"wp:attachment":[{"href":"https:\/\/www.mertkomak.com\/en\/wp-json\/wp\/v2\/media?parent=22205"}],"wp:term":[{"taxonomy":"pwb-brand","embeddable":true,"href":"https:\/\/www.mertkomak.com\/en\/wp-json\/wp\/v2\/pwb-brand?post=22205"},{"taxonomy":"product_brand","embeddable":true,"href":"https:\/\/www.mertkomak.com\/en\/wp-json\/wp\/v2\/product_brand?post=22205"},{"taxonomy":"product_cat","embeddable":true,"href":"https:\/\/www.mertkomak.com\/en\/wp-json\/wp\/v2\/product_cat?post=22205"},{"taxonomy":"product_tag","embeddable":true,"href":"https:\/\/www.mertkomak.com\/en\/wp-json\/wp\/v2\/product_tag?post=22205"}],"curies":[{"name":"wp","href":"https:\/\/api.w.org\/{rel}","templated":true}]}}