{"id":22221,"date":"2025-11-14T16:56:26","date_gmt":"2025-11-14T13:56:26","guid":{"rendered":"https:\/\/www.mertkomak.com\/?post_type=product&#038;p=22221"},"modified":"2025-12-17T11:26:19","modified_gmt":"2025-12-17T08:26:19","slug":"04951","status":"publish","type":"product","link":"https:\/\/www.mertkomak.com\/en\/magaza\/04951\/","title":{"rendered":"Komple Nonwoven (Tela &#8211; Ke\u00e7e) ve PVC Kaymaz Taban \u00dcretim Tesisi Sat\u0131l\u0131k"},"content":{"rendered":"<p><strong>Komple Nonwoven (Tela &#8211; Ke\u00e7e) ve Kaymaz Taban \u00dcretim Tesisi Sat\u0131l\u0131k, Hat a\u015fa\u011f\u0131daki b\u00f6l\u00fcmlerden olu\u015fmaktad\u0131r.<\/strong><\/p>\n<ul>\n<li><strong>Nonwoven (\u0130\u011fneleme Hatt\u0131)<\/strong><strong> : <\/strong><strong>2.50 Mt eninde Tarak , Serici, \u00d6n i\u011fneleme, Alttan vuru\u015f i\u011fneleme, Kalender, Top sarma<\/strong><\/li>\n<\/ul>\n<p><strong>Brands: Mini For, Astor Dilo<\/strong><\/p>\n<ul>\n<li><strong>Nonwoven (\u0130\u011fneleme Hatt\u0131) : 2.20 Mt eninde Tarak , Serici, \u00d6n i\u011fneleme, Finish i\u011fneleme, Kalender, Top sarma<\/strong><\/li>\n<\/ul>\n<p><strong>Brands: Octir, Dilo, Ferrer<\/strong><\/p>\n<ul>\n<li><strong>PVC Anti-Slip Backing Molding Machine, Pattern Cylinder + Oven + Roll Winding<\/strong><\/li>\n<\/ul>\n<p><strong>Brand: Biamak<\/strong><\/p>\n<ul>\n<li><strong>Foam and Fabric Lamination Machine<\/strong><\/li>\n<\/ul>\n<p><strong>Brand: Armak<\/strong><\/p>\n<ul>\n<li><strong>Dijital Hal\u0131 Press Makinas\u0131<\/strong><\/li>\n<\/ul>\n<p><strong>Brand: Dilek Makine \u00a0<\/strong><\/p>\n<ul>\n<li><strong>Linde Ak\u00fcl\u00fc Forklift<\/strong><\/li>\n<li><strong>Elyaf A\u00e7ma ve Haz\u0131rlama, Kesme, A\u00e7ma makinas\u0131, Transfer fanlar\u0131<\/strong><\/li>\n<li><strong>Opening Machine (Blending\/Opening Machine)<\/strong><\/li>\n<li><strong>Various Electrical and Mechanical Spare Parts<\/strong><\/li>\n<\/ul>","protected":false},"excerpt":{"rendered":"<p>Komple Nonwoven (Tela &#8211; Ke\u00e7e) ve Kaymaz Taban \u00dcretim Tesisi Sat\u0131l\u0131k, Hat a\u015fa\u011f\u0131daki b\u00f6l\u00fcmlerden olu\u015fmaktad\u0131r.<\/p>\n<ul>\n<li>Nonwoven (\u0130\u011fneleme Hatt\u0131) : 2.50 Mt eninde Tarak , Serici, \u00d6n i\u011fneleme, Alttan vuru\u015f i\u011fneleme, Kalender, Top sarma<\/li>\n<\/ul>\n<p>Brands: Mini For, Astor Dilo<\/p>\n<ul>\n<li>Nonwoven (\u0130\u011fneleme Hatt\u0131) : 2.20 Mt eninde Tarak , Serici, \u00d6n i\u011fneleme, Finish i\u011fneleme, Kalender, Top sarma<\/li>\n<\/ul>\n<p>Brands: Octir, Dilo, Ferrer<\/p>\n<ul>\n<li>PVC Anti-Slip Backing Molding Machine, Pattern Cylinder + Oven + Roll Winding<\/li>\n<\/ul>\n<p>Brand: Biamak<\/p>\n<ul>\n<li>Foam and Fabric Lamination Machine<\/li>\n<\/ul>\n<p>Brand: Armak<\/p>\n<ul>\n<li>Dijital Hal\u0131 Press Makinas\u0131<\/li>\n<\/ul>\n<p>Brand: Dilek Makine<\/p>\n<ul>\n<li>Linde Ak\u00fcl\u00fc Forklift<\/li>\n<li>Elyaf A\u00e7ma ve Haz\u0131rlama, Kesme, A\u00e7ma makinas\u0131, Transfer fanlar\u0131<\/li>\n<li>Opening Machine (Blending\/Opening Machine)<\/li>\n<li>Various Electrical and Mechanical Spare Parts<\/li>\n<\/ul>","protected":false},"featured_media":22234,"template":"","meta":{"googlesitekit_rrm_CAown9nKDA:productID":"","_joinchat":[],"jetpack_publicize_message":"","jetpack_publicize_feature_enabled":true,"jetpack_social_post_already_shared":true,"jetpack_social_options":{"image_generator_settings":{"template":"highway","default_image_id":0,"font":"","enabled":false},"version":2}},"pwb-brand":[],"product_brand":[],"product_cat":[474],"product_tag":[],"class_list":{"0":"post-22221","1":"product","2":"type-product","3":"status-publish","4":"has-post-thumbnail","6":"product_cat-non-woven-kece-makinalari","8":"first","9":"instock","10":"shipping-taxable","11":"product-type-simple"},"models":[],"proviences":[],"jetpack_publicize_connections":[],"brands":[],"_links":{"self":[{"href":"https:\/\/www.mertkomak.com\/en\/wp-json\/wp\/v2\/product\/22221","targetHints":{"allow":["GET"]}}],"collection":[{"href":"https:\/\/www.mertkomak.com\/en\/wp-json\/wp\/v2\/product"}],"about":[{"href":"https:\/\/www.mertkomak.com\/en\/wp-json\/wp\/v2\/types\/product"}],"wp:featuredmedia":[{"embeddable":true,"href":"https:\/\/www.mertkomak.com\/en\/wp-json\/wp\/v2\/media\/22234"}],"wp:attachment":[{"href":"https:\/\/www.mertkomak.com\/en\/wp-json\/wp\/v2\/media?parent=22221"}],"wp:term":[{"taxonomy":"pwb-brand","embeddable":true,"href":"https:\/\/www.mertkomak.com\/en\/wp-json\/wp\/v2\/pwb-brand?post=22221"},{"taxonomy":"product_brand","embeddable":true,"href":"https:\/\/www.mertkomak.com\/en\/wp-json\/wp\/v2\/product_brand?post=22221"},{"taxonomy":"product_cat","embeddable":true,"href":"https:\/\/www.mertkomak.com\/en\/wp-json\/wp\/v2\/product_cat?post=22221"},{"taxonomy":"product_tag","embeddable":true,"href":"https:\/\/www.mertkomak.com\/en\/wp-json\/wp\/v2\/product_tag?post=22221"}],"curies":[{"name":"wp","href":"https:\/\/api.w.org\/{rel}","templated":true}]}}