{"id":22246,"date":"2025-11-14T17:49:13","date_gmt":"2025-11-14T14:49:13","guid":{"rendered":"https:\/\/www.mertkomak.com\/?post_type=product&#038;p=22246"},"modified":"2025-11-26T11:38:02","modified_gmt":"2025-11-26T08:38:02","slug":"04953","status":"publish","type":"product","link":"https:\/\/www.mertkomak.com\/en\/magaza\/04953\/","title":{"rendered":"9 adet Huang Marka Kuma\u015f Plise makinas\u0131, 2019 model"},"content":{"rendered":"<p><strong>9 adet Huang Universal Enterise Marka Kuma\u015f Plise makinas\u0131, 3 adet d\u00fcz plise, 3 adet b\u00fczg\u00fc (telli) plise, 3 adet dik plise, Tayvan mal\u0131, 2019 model, kurulu ve \u00e7al\u0131\u015f\u0131r durumda.<\/strong><\/p>","protected":false},"excerpt":{"rendered":"<p>9 adet Huang Universal Enterise Marka Kuma\u015f Plise makinas\u0131, 3 adet d\u00fcz plise, 3 adet b\u00fczg\u00fc (telli) plise, 3 adet dik plise, Tayvan mal\u0131, 2019 model, kurulu ve \u00e7al\u0131\u015f\u0131r durumda.<\/p>","protected":false},"featured_media":22266,"template":"","meta":{"googlesitekit_rrm_CAown9nKDA:productID":"","_joinchat":[],"jetpack_publicize_message":"","jetpack_publicize_feature_enabled":true,"jetpack_social_post_already_shared":true,"jetpack_social_options":{"image_generator_settings":{"template":"highway","default_image_id":0,"font":"","enabled":false},"version":2}},"pwb-brand":[],"product_brand":[],"product_cat":[910],"product_tag":[],"class_list":{"0":"post-22246","1":"product","2":"type-product","3":"status-publish","4":"has-post-thumbnail","6":"pwb-model-98","7":"product_cat-kumas-plise-makinalari","9":"first","10":"instock","11":"shipping-taxable","12":"product-type-simple"},"models":[{"id":98,"name":"2019","slug":"2019"}],"proviences":[],"jetpack_publicize_connections":[],"brands":[],"_links":{"self":[{"href":"https:\/\/www.mertkomak.com\/en\/wp-json\/wp\/v2\/product\/22246","targetHints":{"allow":["GET"]}}],"collection":[{"href":"https:\/\/www.mertkomak.com\/en\/wp-json\/wp\/v2\/product"}],"about":[{"href":"https:\/\/www.mertkomak.com\/en\/wp-json\/wp\/v2\/types\/product"}],"wp:featuredmedia":[{"embeddable":true,"href":"https:\/\/www.mertkomak.com\/en\/wp-json\/wp\/v2\/media\/22266"}],"wp:attachment":[{"href":"https:\/\/www.mertkomak.com\/en\/wp-json\/wp\/v2\/media?parent=22246"}],"wp:term":[{"taxonomy":"pwb-brand","embeddable":true,"href":"https:\/\/www.mertkomak.com\/en\/wp-json\/wp\/v2\/pwb-brand?post=22246"},{"taxonomy":"product_brand","embeddable":true,"href":"https:\/\/www.mertkomak.com\/en\/wp-json\/wp\/v2\/product_brand?post=22246"},{"taxonomy":"product_cat","embeddable":true,"href":"https:\/\/www.mertkomak.com\/en\/wp-json\/wp\/v2\/product_cat?post=22246"},{"taxonomy":"product_tag","embeddable":true,"href":"https:\/\/www.mertkomak.com\/en\/wp-json\/wp\/v2\/product_tag?post=22246"}],"curies":[{"name":"wp","href":"https:\/\/api.w.org\/{rel}","templated":true}]}}