{"id":22335,"date":"2025-11-21T10:03:02","date_gmt":"2025-11-21T07:03:02","guid":{"rendered":"https:\/\/www.mertkomak.com\/?post_type=product&#038;p=22335"},"modified":"2025-11-21T12:15:36","modified_gmt":"2025-11-21T09:15:36","slug":"04963","status":"publish","type":"product","link":"https:\/\/www.mertkomak.com\/en\/magaza\/04963\/","title":{"rendered":"4 pcs Milhan Makine Brand Cotton Yarn Winding Machine, FSM-01 Type, 2018 model, 72 spindles"},"content":{"rendered":"<p><strong>4 pcs Milhan Makine Brand Cotton Yarn Winding Machine, FSM-01 Type, 2018 model, 72 spindles, Final winder, installed and running situation<\/strong><\/p>","protected":false},"excerpt":{"rendered":"<p>4 adet Milhan Makine Marka Pamuk \u0130pli\u011fi Aktarma Makinas\u0131, FSM-01 Tipi, 2018 model, 72 g\u00f6zl\u00fc, final sar\u0131m, kurulu ve \u00e7al\u0131\u015f\u0131r durumda<\/p>","protected":false},"featured_media":22336,"template":"","meta":{"googlesitekit_rrm_CAown9nKDA:productID":"","_joinchat":[],"jetpack_publicize_message":"","jetpack_publicize_feature_enabled":true,"jetpack_social_post_already_shared":true,"jetpack_social_options":{"image_generator_settings":{"template":"highway","default_image_id":0,"font":"","enabled":false},"version":2}},"pwb-brand":[495],"product_brand":[],"product_cat":[490],"product_tag":[],"class_list":{"0":"post-22335","1":"product","2":"type-product","3":"status-publish","4":"has-post-thumbnail","6":"pwb-brand-milhan","7":"pwb-model-95","8":"product_cat-iplik-aktarma-makinalari","10":"first","11":"instock","12":"shipping-taxable","13":"product-type-simple"},"models":[{"id":95,"name":"2018","slug":"2018"}],"proviences":[],"jetpack_publicize_connections":[],"brands":[{"id":495,"name":"Milhan","slug":"milhan"}],"_links":{"self":[{"href":"https:\/\/www.mertkomak.com\/en\/wp-json\/wp\/v2\/product\/22335","targetHints":{"allow":["GET"]}}],"collection":[{"href":"https:\/\/www.mertkomak.com\/en\/wp-json\/wp\/v2\/product"}],"about":[{"href":"https:\/\/www.mertkomak.com\/en\/wp-json\/wp\/v2\/types\/product"}],"wp:featuredmedia":[{"embeddable":true,"href":"https:\/\/www.mertkomak.com\/en\/wp-json\/wp\/v2\/media\/22336"}],"wp:attachment":[{"href":"https:\/\/www.mertkomak.com\/en\/wp-json\/wp\/v2\/media?parent=22335"}],"wp:term":[{"taxonomy":"pwb-brand","embeddable":true,"href":"https:\/\/www.mertkomak.com\/en\/wp-json\/wp\/v2\/pwb-brand?post=22335"},{"taxonomy":"product_brand","embeddable":true,"href":"https:\/\/www.mertkomak.com\/en\/wp-json\/wp\/v2\/product_brand?post=22335"},{"taxonomy":"product_cat","embeddable":true,"href":"https:\/\/www.mertkomak.com\/en\/wp-json\/wp\/v2\/product_cat?post=22335"},{"taxonomy":"product_tag","embeddable":true,"href":"https:\/\/www.mertkomak.com\/en\/wp-json\/wp\/v2\/product_tag?post=22335"}],"curies":[{"name":"wp","href":"https:\/\/api.w.org\/{rel}","templated":true}]}}