{"id":22498,"date":"2025-12-10T09:34:15","date_gmt":"2025-12-10T06:34:15","guid":{"rendered":"https:\/\/www.mertkomak.com\/?post_type=product&#038;p=22498"},"modified":"2025-12-10T09:36:21","modified_gmt":"2025-12-10T06:36:21","slug":"04979","status":"publish","type":"product","link":"https:\/\/www.mertkomak.com\/en\/magaza\/04979\/","title":{"rendered":"4 pcs Somet Alpha Hi-Drive Dobby Weaving machines, 360 cm"},"content":{"rendered":"<p><strong>4 pcs Somet Alpha Hi-Drive Dobby Weaving machines, 3.60 mt width, 2005 model, Fimtessile dobby, 24 shafts, installed and running situation.<\/strong><\/p>","protected":false},"excerpt":{"rendered":"<p>4 adet Somet Alpha Hi-Drive Arm\u00fcll\u00fc Dokuma Makinas\u0131, 3.60 mt geni\u015flik, 2005 model, Fimtessile arm\u00fcl, 24 ayak, kurulu ve \u00e7al\u0131\u015f\u0131r durumda.<\/p>","protected":false},"featured_media":22499,"template":"","meta":{"googlesitekit_rrm_CAown9nKDA:productID":"","_joinchat":[],"jetpack_publicize_message":"","jetpack_publicize_feature_enabled":true,"jetpack_social_post_already_shared":true,"jetpack_social_options":{"image_generator_settings":{"template":"highway","default_image_id":0,"font":"","enabled":false},"version":2}},"pwb-brand":[391],"product_brand":[],"product_cat":[389],"product_tag":[],"class_list":{"0":"post-22498","1":"product","2":"type-product","3":"status-publish","4":"has-post-thumbnail","6":"pwb-brand-somet","7":"pwb-model-146","8":"product_cat-somet-dokuma-makinalari","10":"first","11":"instock","12":"shipping-taxable","13":"product-type-simple"},"models":[{"id":146,"name":"2005","slug":"2005"}],"proviences":[],"jetpack_publicize_connections":[],"brands":[{"id":391,"name":"Somet","slug":"somet"}],"_links":{"self":[{"href":"https:\/\/www.mertkomak.com\/en\/wp-json\/wp\/v2\/product\/22498","targetHints":{"allow":["GET"]}}],"collection":[{"href":"https:\/\/www.mertkomak.com\/en\/wp-json\/wp\/v2\/product"}],"about":[{"href":"https:\/\/www.mertkomak.com\/en\/wp-json\/wp\/v2\/types\/product"}],"wp:featuredmedia":[{"embeddable":true,"href":"https:\/\/www.mertkomak.com\/en\/wp-json\/wp\/v2\/media\/22499"}],"wp:attachment":[{"href":"https:\/\/www.mertkomak.com\/en\/wp-json\/wp\/v2\/media?parent=22498"}],"wp:term":[{"taxonomy":"pwb-brand","embeddable":true,"href":"https:\/\/www.mertkomak.com\/en\/wp-json\/wp\/v2\/pwb-brand?post=22498"},{"taxonomy":"product_brand","embeddable":true,"href":"https:\/\/www.mertkomak.com\/en\/wp-json\/wp\/v2\/product_brand?post=22498"},{"taxonomy":"product_cat","embeddable":true,"href":"https:\/\/www.mertkomak.com\/en\/wp-json\/wp\/v2\/product_cat?post=22498"},{"taxonomy":"product_tag","embeddable":true,"href":"https:\/\/www.mertkomak.com\/en\/wp-json\/wp\/v2\/product_tag?post=22498"}],"curies":[{"name":"wp","href":"https:\/\/api.w.org\/{rel}","templated":true}]}}