{"id":22504,"date":"2025-12-10T09:49:12","date_gmt":"2025-12-10T06:49:12","guid":{"rendered":"https:\/\/www.mertkomak.com\/?post_type=product&#038;p=22504"},"modified":"2026-01-07T16:16:33","modified_gmt":"2026-01-07T13:16:33","slug":"04980","status":"publish","type":"product","link":"https:\/\/www.mertkomak.com\/en\/magaza\/04980\/","title":{"rendered":"Mario Crosta Brand Shearing Machine, 3.60 mt"},"content":{"rendered":"<p><strong>Mario Crosta Marka Kuma\u015f Tra\u015f Makinas\u0131, 3.60 mt silindir eninde, 2004 model, Toz toplama sistemi, kurulu ve \u00e7al\u0131\u015f\u0131r vaziyette, Ekstra yedek b\u0131\u00e7a\u011f\u0131 mevcut.<\/strong><\/p>","protected":false},"excerpt":{"rendered":"<p>Mario Crosta Marka Kuma\u015f Tra\u015f Makinas\u0131, 3.60 mt silindir eninde, 2004 model, Toz toplama sistemi, kurulu ve \u00e7al\u0131\u015f\u0131r vaziyette, Ekstra yedek b\u0131\u00e7a\u011f\u0131 mevcut.<\/p>","protected":false},"featured_media":22505,"template":"","meta":{"googlesitekit_rrm_CAown9nKDA:productID":"","_joinchat":[],"jetpack_publicize_message":"","jetpack_publicize_feature_enabled":true,"jetpack_social_post_already_shared":true,"jetpack_social_options":{"image_generator_settings":{"template":"highway","default_image_id":0,"font":"","enabled":false},"version":2}},"pwb-brand":[347],"product_brand":[],"product_cat":[357],"product_tag":[],"class_list":{"0":"post-22504","1":"product","2":"type-product","3":"status-publish","4":"has-post-thumbnail","6":"pwb-brand-mario-crosta","7":"pwb-model-111","8":"product_cat-tras-makinalari","10":"first","11":"instock","12":"shipping-taxable","13":"product-type-simple"},"models":[{"id":111,"name":"2004","slug":"2004"}],"proviences":[],"jetpack_publicize_connections":[],"brands":[{"id":347,"name":"Mario Crosta","slug":"mario-crosta"}],"_links":{"self":[{"href":"https:\/\/www.mertkomak.com\/en\/wp-json\/wp\/v2\/product\/22504","targetHints":{"allow":["GET"]}}],"collection":[{"href":"https:\/\/www.mertkomak.com\/en\/wp-json\/wp\/v2\/product"}],"about":[{"href":"https:\/\/www.mertkomak.com\/en\/wp-json\/wp\/v2\/types\/product"}],"wp:featuredmedia":[{"embeddable":true,"href":"https:\/\/www.mertkomak.com\/en\/wp-json\/wp\/v2\/media\/22505"}],"wp:attachment":[{"href":"https:\/\/www.mertkomak.com\/en\/wp-json\/wp\/v2\/media?parent=22504"}],"wp:term":[{"taxonomy":"pwb-brand","embeddable":true,"href":"https:\/\/www.mertkomak.com\/en\/wp-json\/wp\/v2\/pwb-brand?post=22504"},{"taxonomy":"product_brand","embeddable":true,"href":"https:\/\/www.mertkomak.com\/en\/wp-json\/wp\/v2\/product_brand?post=22504"},{"taxonomy":"product_cat","embeddable":true,"href":"https:\/\/www.mertkomak.com\/en\/wp-json\/wp\/v2\/product_cat?post=22504"},{"taxonomy":"product_tag","embeddable":true,"href":"https:\/\/www.mertkomak.com\/en\/wp-json\/wp\/v2\/product_tag?post=22504"}],"curies":[{"name":"wp","href":"https:\/\/api.w.org\/{rel}","templated":true}]}}