{"id":22527,"date":"2025-12-10T11:37:51","date_gmt":"2025-12-10T08:37:51","guid":{"rendered":"https:\/\/www.mertkomak.com\/?post_type=product&#038;p=22527"},"modified":"2025-12-10T11:39:07","modified_gmt":"2025-12-10T08:39:07","slug":"04984","status":"publish","type":"product","link":"https:\/\/www.mertkomak.com\/en\/magaza\/04984\/","title":{"rendered":"8 pcs Vamatex Silver HS Jacquard Weaving Machines, 3.40 mt, 2007 model"},"content":{"rendered":"<p><strong>8 pcs Vamatex Silver HS Jacquard Weaving Machines, 3.40 mt width, 2007 model, 4 pcs are double beam, Staubli Jacquard DX-100, 2688 hooks, 8 colors, JC5 controller, installed and in running condition.<\/strong><\/p>","protected":false},"excerpt":{"rendered":"<p>8 Adet Vamatex Silver HS Jakarl\u0131 Dokuma Makinas\u0131, 3.40 mt eninde, 2007 model, 4 adet \u00e7ift levent, Staubli Jakar DX-100, 2688 kanca, 8 renk, JC5 kontrol\u00f6r, kurulu ve \u00e7al\u0131\u015f\u0131r durumda.<\/p>","protected":false},"featured_media":22529,"template":"","meta":{"googlesitekit_rrm_CAown9nKDA:productID":"","_joinchat":[],"jetpack_publicize_message":"","jetpack_publicize_feature_enabled":true,"jetpack_social_post_already_shared":true,"jetpack_social_options":{"image_generator_settings":{"template":"highway","default_image_id":0,"font":"","enabled":false},"version":2}},"pwb-brand":[424],"product_brand":[],"product_cat":[421],"product_tag":[],"class_list":{"0":"post-22527","1":"product","2":"type-product","3":"status-publish","4":"has-post-thumbnail","6":"pwb-brand-vamatex","7":"pwb-model-97","8":"product_cat-vamatex-dokuma-makinalari","10":"first","11":"instock","12":"shipping-taxable","13":"product-type-simple"},"models":[{"id":97,"name":"2007","slug":"2007"}],"proviences":[],"jetpack_publicize_connections":[],"brands":[{"id":424,"name":"Vamatex","slug":"vamatex"}],"_links":{"self":[{"href":"https:\/\/www.mertkomak.com\/en\/wp-json\/wp\/v2\/product\/22527","targetHints":{"allow":["GET"]}}],"collection":[{"href":"https:\/\/www.mertkomak.com\/en\/wp-json\/wp\/v2\/product"}],"about":[{"href":"https:\/\/www.mertkomak.com\/en\/wp-json\/wp\/v2\/types\/product"}],"wp:featuredmedia":[{"embeddable":true,"href":"https:\/\/www.mertkomak.com\/en\/wp-json\/wp\/v2\/media\/22529"}],"wp:attachment":[{"href":"https:\/\/www.mertkomak.com\/en\/wp-json\/wp\/v2\/media?parent=22527"}],"wp:term":[{"taxonomy":"pwb-brand","embeddable":true,"href":"https:\/\/www.mertkomak.com\/en\/wp-json\/wp\/v2\/pwb-brand?post=22527"},{"taxonomy":"product_brand","embeddable":true,"href":"https:\/\/www.mertkomak.com\/en\/wp-json\/wp\/v2\/product_brand?post=22527"},{"taxonomy":"product_cat","embeddable":true,"href":"https:\/\/www.mertkomak.com\/en\/wp-json\/wp\/v2\/product_cat?post=22527"},{"taxonomy":"product_tag","embeddable":true,"href":"https:\/\/www.mertkomak.com\/en\/wp-json\/wp\/v2\/product_tag?post=22527"}],"curies":[{"name":"wp","href":"https:\/\/api.w.org\/{rel}","templated":true}]}}