{"id":22666,"date":"2026-01-05T11:37:51","date_gmt":"2026-01-05T08:37:51","guid":{"rendered":"https:\/\/www.mertkomak.com\/?post_type=product&#038;p=22666"},"modified":"2026-01-05T13:02:17","modified_gmt":"2026-01-05T10:02:17","slug":"04997","status":"publish","type":"product","link":"https:\/\/www.mertkomak.com\/en\/magaza\/04997\/","title":{"rendered":"4 Adet Ra\u015fel \u00d6rme Kuma\u015f Tesisi Komple Sat\u0131l\u0131k"},"content":{"rendered":"<p><strong>COMPLETE RASCHEL KNITTING MILL FOR SALE<\/strong><\/p>\n<p><strong>The Raschel warp knitting mill detailed below is offered for sale as a complete unit, in full working condition: 4 units Karl Mayer HKS 3 brand Raschel machines (28 gauge, 218-inch working width, 2017 model), 210 beams, TED\u0130M brand warping machine (2018 model) with 720 bobbin creel, additional warping machine with 300-bobbin creel, compressors (500-liter main compressor and auxiliary small compressor), forklift &amp; handling equipment (2.0-ton capacity Linde brand forklift, 2012 model, 2-ton chain hoist system), pallet truck, weighing and measuring equipment (200-kg platform scale and 2 precision scales), storage and infrastructure (4 fabric racks, 300 kW fully equipped electrical control panel, electrical installation and lighting system, voltage stabilizer\/regulator), security and office equipment (10-camera CCTV and alarm system, office furniture, desktop computer and meeting table), Spare machine parts.<\/strong><\/p>","protected":false},"excerpt":{"rendered":"<p>COMPLETE RASCHEL KNITTING MILL FOR SALE<\/p>\n<p>The Raschel warp knitting mill detailed below is offered for sale as a complete unit, in full working condition: 4 units Karl Mayer HKS 3 brand Raschel machines (28 gauge, 218-inch working width, 2017 model), 210 beams, TED\u0130M brand warping machine (2018 model) with 720 bobbin creel, additional warping machine with 300-bobbin creel, compressors (500-liter main compressor and auxiliary small compressor), forklift &amp; handling equipment (2.0-ton capacity Linde brand forklift, 2012 model, 2-ton chain hoist system), pallet truck, weighing and measuring equipment (200-kg platform scale and 2 precision scales), storage and infrastructure (4 fabric racks, 300 kW fully equipped electrical control panel, electrical installation and lighting system, voltage stabilizer\/regulator), security and office equipment (10-camera CCTV and alarm system, office furniture, desktop computer and meeting table), Spare machine parts.<\/p>","protected":false},"featured_media":22669,"template":"","meta":{"googlesitekit_rrm_CAown9nKDA:productID":"","_joinchat":[],"jetpack_publicize_message":"","jetpack_publicize_feature_enabled":true,"jetpack_social_post_already_shared":true,"jetpack_social_options":{"image_generator_settings":{"template":"highway","default_image_id":0,"font":"","enabled":false},"version":2}},"pwb-brand":[445],"product_brand":[],"product_cat":[611],"product_tag":[],"class_list":{"0":"post-22666","1":"product","2":"type-product","3":"status-publish","4":"has-post-thumbnail","6":"pwb-brand-karl-mayer","7":"pwb-model-103","8":"product_cat-rasel-orme-makinalari","10":"first","11":"instock","12":"shipping-taxable","13":"product-type-simple"},"models":[{"id":103,"name":"2017","slug":"2017"}],"proviences":[],"jetpack_publicize_connections":[],"brands":[{"id":445,"name":"Karl Mayer","slug":"karl-mayer"}],"_links":{"self":[{"href":"https:\/\/www.mertkomak.com\/en\/wp-json\/wp\/v2\/product\/22666","targetHints":{"allow":["GET"]}}],"collection":[{"href":"https:\/\/www.mertkomak.com\/en\/wp-json\/wp\/v2\/product"}],"about":[{"href":"https:\/\/www.mertkomak.com\/en\/wp-json\/wp\/v2\/types\/product"}],"wp:featuredmedia":[{"embeddable":true,"href":"https:\/\/www.mertkomak.com\/en\/wp-json\/wp\/v2\/media\/22669"}],"wp:attachment":[{"href":"https:\/\/www.mertkomak.com\/en\/wp-json\/wp\/v2\/media?parent=22666"}],"wp:term":[{"taxonomy":"pwb-brand","embeddable":true,"href":"https:\/\/www.mertkomak.com\/en\/wp-json\/wp\/v2\/pwb-brand?post=22666"},{"taxonomy":"product_brand","embeddable":true,"href":"https:\/\/www.mertkomak.com\/en\/wp-json\/wp\/v2\/product_brand?post=22666"},{"taxonomy":"product_cat","embeddable":true,"href":"https:\/\/www.mertkomak.com\/en\/wp-json\/wp\/v2\/product_cat?post=22666"},{"taxonomy":"product_tag","embeddable":true,"href":"https:\/\/www.mertkomak.com\/en\/wp-json\/wp\/v2\/product_tag?post=22666"}],"curies":[{"name":"wp","href":"https:\/\/api.w.org\/{rel}","templated":true}]}}