{"id":22776,"date":"2026-01-26T10:18:39","date_gmt":"2026-01-26T07:18:39","guid":{"rendered":"https:\/\/www.mertkomak.com\/?post_type=product&#038;p=22776"},"modified":"2026-01-26T10:20:06","modified_gmt":"2026-01-26T07:20:06","slug":"05010","status":"publish","type":"product","link":"https:\/\/www.mertkomak.com\/en\/magaza\/05010\/","title":{"rendered":"4 pcs Smit GS-900 Dobby Weaving Machine, 190 cm, 2007 model"},"content":{"rendered":"<p><strong>4 pcs Smit GS-900 Dobby Weaving Machine, 190 cm width, 2007 model, Staubli dobby, 16 shafts installed (20 shafts capacity), 8 color, 5 weft feeder, 14 frames, installed and running situation.\u00a0<\/strong><\/p>","protected":false},"excerpt":{"rendered":"<p>4 adet Smit GS-900 Arm\u00fcll\u00fc Dokuma Makinesi, 190 cm eninde, 2007 model, Staubli arm\u00fcll\u00fc, 16 ayak kurulu (20 ayak kapasite), 8 renk, 5 atk\u0131 motoru,14 \u00e7er\u00e7eve, kurulu ve \u00e7al\u0131\u015f\u0131r durumda.<\/p>","protected":false},"featured_media":22780,"template":"","meta":{"googlesitekit_rrm_CAown9nKDA:productID":"","_joinchat":[],"jetpack_publicize_message":"","jetpack_publicize_feature_enabled":true,"jetpack_social_post_already_shared":true,"jetpack_social_options":{"image_generator_settings":{"template":"highway","default_image_id":0,"font":"","enabled":false},"version":2}},"pwb-brand":[408],"product_brand":[],"product_cat":[404],"product_tag":[],"class_list":{"0":"post-22776","1":"product","2":"type-product","3":"status-publish","4":"has-post-thumbnail","6":"pwb-brand-smit","7":"pwb-model-97","8":"product_cat-sulzer-smit-dokuma-makinalari","10":"first","11":"instock","12":"shipping-taxable","13":"product-type-simple"},"models":[{"id":97,"name":"2007","slug":"2007"}],"proviences":[],"jetpack_publicize_connections":[],"brands":[{"id":408,"name":"Smit","slug":"smit"}],"_links":{"self":[{"href":"https:\/\/www.mertkomak.com\/en\/wp-json\/wp\/v2\/product\/22776","targetHints":{"allow":["GET"]}}],"collection":[{"href":"https:\/\/www.mertkomak.com\/en\/wp-json\/wp\/v2\/product"}],"about":[{"href":"https:\/\/www.mertkomak.com\/en\/wp-json\/wp\/v2\/types\/product"}],"wp:featuredmedia":[{"embeddable":true,"href":"https:\/\/www.mertkomak.com\/en\/wp-json\/wp\/v2\/media\/22780"}],"wp:attachment":[{"href":"https:\/\/www.mertkomak.com\/en\/wp-json\/wp\/v2\/media?parent=22776"}],"wp:term":[{"taxonomy":"pwb-brand","embeddable":true,"href":"https:\/\/www.mertkomak.com\/en\/wp-json\/wp\/v2\/pwb-brand?post=22776"},{"taxonomy":"product_brand","embeddable":true,"href":"https:\/\/www.mertkomak.com\/en\/wp-json\/wp\/v2\/product_brand?post=22776"},{"taxonomy":"product_cat","embeddable":true,"href":"https:\/\/www.mertkomak.com\/en\/wp-json\/wp\/v2\/product_cat?post=22776"},{"taxonomy":"product_tag","embeddable":true,"href":"https:\/\/www.mertkomak.com\/en\/wp-json\/wp\/v2\/product_tag?post=22776"}],"curies":[{"name":"wp","href":"https:\/\/api.w.org\/{rel}","templated":true}]}}