{"id":22783,"date":"2026-01-26T11:28:10","date_gmt":"2026-01-26T08:28:10","guid":{"rendered":"https:\/\/www.mertkomak.com\/?post_type=product&#038;p=22783"},"modified":"2026-03-01T12:39:19","modified_gmt":"2026-03-01T09:39:19","slug":"05011","status":"publish","type":"product","link":"https:\/\/www.mertkomak.com\/en\/magaza\/05011\/","title":{"rendered":"Monforts Montex Stenter, 190 cm, 1998 model, 10 chamber"},"content":{"rendered":"<p><strong>Monforts Montex Stenter Machine, 190 cm working width, 1998 model, 10 chamber, steam heated, horizontal chain, Pin and Clip, at the entry; batcher, J-box, fabric opener, padder, Mahlo weft straightener, at the exit; J-box, batcher, installed and running situation.<\/strong><\/p>","protected":false},"excerpt":{"rendered":"<p>Monforts Montex Ram Makinas\u0131, 190 cm \u00e7al\u0131\u015fma geni\u015fli\u011fi, 1998 model, 10 kamara, buharl\u0131, yatay zincir<strong>, <\/strong>\u0130\u011fne ve Mandal, giri\u015fte: doka sarma, kuma\u015f a\u00e7\u0131c\u0131, J-box, fular, Mahlo atk\u0131 d\u00fczenleme, \u00e7\u0131k\u0131\u015fta: J-box, doka sarma, inv\u00f6rt\u00f6r, buharl\u0131, kurulu ve \u00e7al\u0131\u015f\u0131r durumda.<\/p>","protected":false},"featured_media":22784,"template":"","meta":{"googlesitekit_rrm_CAown9nKDA:productID":"","_joinchat":[],"jetpack_publicize_message":"","jetpack_publicize_feature_enabled":true,"jetpack_social_post_already_shared":true,"jetpack_social_options":{"image_generator_settings":{"template":"highway","default_image_id":0,"font":"","enabled":false},"version":2}},"pwb-brand":[786],"product_brand":[],"product_cat":[316],"product_tag":[],"class_list":{"0":"post-22783","1":"product","2":"type-product","3":"status-publish","4":"has-post-thumbnail","6":"pwb-brand-monforts","7":"pwb-model-115","8":"product_cat-ram-ramoz-makinalari","10":"first","11":"instock","12":"shipping-taxable","13":"product-type-simple"},"models":[{"id":115,"name":"1998","slug":"1998"}],"proviences":[],"jetpack_publicize_connections":[],"brands":[{"id":786,"name":"Monforts","slug":"monforts"}],"_links":{"self":[{"href":"https:\/\/www.mertkomak.com\/en\/wp-json\/wp\/v2\/product\/22783","targetHints":{"allow":["GET"]}}],"collection":[{"href":"https:\/\/www.mertkomak.com\/en\/wp-json\/wp\/v2\/product"}],"about":[{"href":"https:\/\/www.mertkomak.com\/en\/wp-json\/wp\/v2\/types\/product"}],"wp:featuredmedia":[{"embeddable":true,"href":"https:\/\/www.mertkomak.com\/en\/wp-json\/wp\/v2\/media\/22784"}],"wp:attachment":[{"href":"https:\/\/www.mertkomak.com\/en\/wp-json\/wp\/v2\/media?parent=22783"}],"wp:term":[{"taxonomy":"pwb-brand","embeddable":true,"href":"https:\/\/www.mertkomak.com\/en\/wp-json\/wp\/v2\/pwb-brand?post=22783"},{"taxonomy":"product_brand","embeddable":true,"href":"https:\/\/www.mertkomak.com\/en\/wp-json\/wp\/v2\/product_brand?post=22783"},{"taxonomy":"product_cat","embeddable":true,"href":"https:\/\/www.mertkomak.com\/en\/wp-json\/wp\/v2\/product_cat?post=22783"},{"taxonomy":"product_tag","embeddable":true,"href":"https:\/\/www.mertkomak.com\/en\/wp-json\/wp\/v2\/product_tag?post=22783"}],"curies":[{"name":"wp","href":"https:\/\/api.w.org\/{rel}","templated":true}]}}