{"id":22794,"date":"2026-01-29T12:26:31","date_gmt":"2026-01-29T09:26:31","guid":{"rendered":"https:\/\/www.mertkomak.com\/?post_type=product&#038;p=22794"},"modified":"2026-01-29T12:29:13","modified_gmt":"2026-01-29T09:29:13","slug":"rotasyon-baski-flok-baski-varak-baski-embos-baski-trasfer-baski-tesisi-komple-satilik","status":"publish","type":"product","link":"https:\/\/www.mertkomak.com\/en\/magaza\/rotasyon-baski-flok-baski-varak-baski-embos-baski-trasfer-baski-tesisi-komple-satilik\/","title":{"rendered":"Rotasyon bask\u0131 &#8211; Flok Bask\u0131 &#8211; Varak Bask\u0131 &#8211; Embos Bask\u0131 &#8211; Trasfer Bask\u0131 Tesisi Komple Sat\u0131l\u0131k"},"content":{"rendered":"<p>Rotasyon bask\u0131 &#8211; Flok Bask\u0131 &#8211; Varak Bask\u0131 &#8211; Embos Bask\u0131 &#8211; Trasfer Bask\u0131 Tesisi Komple Sat\u0131l\u0131k<\/p>\n<p>1- 4 kafal\u0131 Rotasyon bask\u0131 arada 2 adet kurutma , flok bask\u0131 \u00fcnitesi , \u00e7\u0131k\u0131\u015fta 2 ge\u00e7i\u015fli elektrikli kurutma 1.80 mt \u00e7al\u0131\u015fma eninde , 3 kafa milli , 1 kafa b\u0131\u00e7akl\u0131 , kurulu ve \u00e7al\u0131\u015f\u0131r durumda.<\/p>\n<p>2- 2 adet F\u0131r\u00e7alama Makinas\u0131 , 1.80 mt<\/p>\n<p>3- 1 adet \u015eablon Y\u0131kama 1.80 mt<\/p>\n<p>4- 2 adet Mikser<\/p>\n<p>5- 2 Adet Dok Sarma Makinas\u0131 1.80 mt<\/p>\n<p>6- Flok Toz Toplama Makinas\u0131 1.80 mt<\/p>\n<p>7- 2 Adet Kalite Kontrol Makinas\u0131 , 1.80 mt<\/p>\n<p>8- Kra\u015f Makinas\u0131 En kuma\u015f k\u0131ra\u015f<\/p>\n<p>9- Tek Kafa Bask\u0131 Makinas\u0131 ve Elektrikli Kurutmas\u0131 1.80 mt<\/p>\n<p>10- Embos Bask\u0131 Makinas\u0131 , 1.80 mt<\/p>\n<p>11- Desenli Kalender Makinas\u0131 , 10 tane desen kal\u0131b\u0131 , 1.80 mt<\/p>\n<p>12- Kalender Varak Bask\u0131 Makinas\u0131 , d\u00fcz silindirli , 1.80 mt<\/p>\n<p>13- Tural Marka Ke\u00e7eli Transfer Bask\u0131 Bask\u0131 Makinas\u0131 , 1.80 mt<\/p>\n<p>14- Boy Kra\u015f Makinas\u0131 .<\/p>\n<p>Tesis kurulu ve \u00e7al\u0131\u015f\u0131r durumda , komple sat\u0131l\u0131k .<\/p>","protected":false},"excerpt":{"rendered":"<p>Rotasyon bask\u0131 &#8211; Flok Bask\u0131 &#8211; Varak Bask\u0131 &#8211; Embos Bask\u0131 &#8211; Trasfer Bask\u0131 Tesisi Komple Sat\u0131l\u0131k<\/p>\n<p>1- 4 kafal\u0131 Rotasyon bask\u0131 arada 2 adet kurutma , flok bask\u0131 \u00fcnitesi , \u00e7\u0131k\u0131\u015fta 2 ge\u00e7i\u015fli elektrikli kurutma 1.80 mt \u00e7al\u0131\u015fma eninde , 3 kafa milli , 1 kafa b\u0131\u00e7akl\u0131 , kurulu ve \u00e7al\u0131\u015f\u0131r durumda.<\/p>\n<p>2- 2 adet F\u0131r\u00e7alama Makinas\u0131 , 1.80 mt<\/p>\n<p>3- 1 adet \u015eablon Y\u0131kama 1.80 mt<\/p>\n<p>4- 2 adet Mikser<\/p>\n<p>5- 2 Adet Dok Sarma Makinas\u0131 1.80 mt<\/p>\n<p>6- Flok Toz Toplama Makinas\u0131 1.80 mt<\/p>\n<p>7- 2 Adet Kalite Kontrol Makinas\u0131 , 1.80 mt<\/p>\n<p>8- Kra\u015f Makinas\u0131 En kuma\u015f k\u0131ra\u015f<\/p>\n<p>9- Tek Kafa Bask\u0131 Makinas\u0131 ve Elektrikli Kurutmas\u0131 1.80 mt<\/p>\n<p>10- Embos Bask\u0131 Makinas\u0131 , 1.80 mt<\/p>\n<p>11- Desenli Kalender Makinas\u0131 , 10 tane desen kal\u0131b\u0131 , 1.80 mt<\/p>\n<p>12- Kalender Varak Bask\u0131 Makinas\u0131 , d\u00fcz silindirli , 1.80 mt<\/p>\n<p>13- Tural Marka Ke\u00e7eli Transfer Bask\u0131 Bask\u0131 Makinas\u0131 , 1.80 mt<\/p>\n<p>14- Boy Kra\u015f Makinas\u0131 .<\/p>\n<p>Tesis kurulu ve \u00e7al\u0131\u015f\u0131r durumda , komple sat\u0131l\u0131k .<\/p>","protected":false},"featured_media":22802,"template":"","meta":{"googlesitekit_rrm_CAown9nKDA:productID":"","_joinchat":[],"jetpack_publicize_message":"","jetpack_publicize_feature_enabled":true,"jetpack_social_post_already_shared":true,"jetpack_social_options":{"image_generator_settings":{"template":"highway","default_image_id":0,"font":"","enabled":false},"version":2}},"pwb-brand":[],"product_brand":[],"product_cat":[826],"product_tag":[],"class_list":{"0":"post-22794","1":"product","2":"type-product","3":"status-publish","4":"has-post-thumbnail","6":"pwb-model-94","7":"product_cat-tesisler","9":"first","10":"instock","11":"shipping-taxable","12":"product-type-simple"},"models":[{"id":94,"name":"2000","slug":"2000"}],"proviences":[],"jetpack_publicize_connections":[],"brands":[],"_links":{"self":[{"href":"https:\/\/www.mertkomak.com\/en\/wp-json\/wp\/v2\/product\/22794","targetHints":{"allow":["GET"]}}],"collection":[{"href":"https:\/\/www.mertkomak.com\/en\/wp-json\/wp\/v2\/product"}],"about":[{"href":"https:\/\/www.mertkomak.com\/en\/wp-json\/wp\/v2\/types\/product"}],"wp:featuredmedia":[{"embeddable":true,"href":"https:\/\/www.mertkomak.com\/en\/wp-json\/wp\/v2\/media\/22802"}],"wp:attachment":[{"href":"https:\/\/www.mertkomak.com\/en\/wp-json\/wp\/v2\/media?parent=22794"}],"wp:term":[{"taxonomy":"pwb-brand","embeddable":true,"href":"https:\/\/www.mertkomak.com\/en\/wp-json\/wp\/v2\/pwb-brand?post=22794"},{"taxonomy":"product_brand","embeddable":true,"href":"https:\/\/www.mertkomak.com\/en\/wp-json\/wp\/v2\/product_brand?post=22794"},{"taxonomy":"product_cat","embeddable":true,"href":"https:\/\/www.mertkomak.com\/en\/wp-json\/wp\/v2\/product_cat?post=22794"},{"taxonomy":"product_tag","embeddable":true,"href":"https:\/\/www.mertkomak.com\/en\/wp-json\/wp\/v2\/product_tag?post=22794"}],"curies":[{"name":"wp","href":"https:\/\/api.w.org\/{rel}","templated":true}]}}