{"id":22962,"date":"2026-03-07T12:13:47","date_gmt":"2026-03-07T09:13:47","guid":{"rendered":"https:\/\/www.mertkomak.com\/?post_type=product&#038;p=22962"},"modified":"2026-03-07T12:15:44","modified_gmt":"2026-03-07T09:15:44","slug":"05031","status":"publish","type":"product","link":"https:\/\/www.mertkomak.com\/en\/magaza\/05031\/","title":{"rendered":"28 adet Dornier LVW-2 Haval\u0131 Jakarl\u0131 Dokuma Makinas\u0131, 340 cm en, 1997 model"},"content":{"rendered":"<p><strong>28 pcs Dornier LVW-2 Airjet Jacquard Weaving Machine, 340 cm width, 1997 model,<\/strong><\/p>\n<ul>\n<li><strong>14 pcs Staubli CX860, 2688 hooks, 2 color<\/strong><\/li>\n<li><strong>14 pcs Staubli LX1600, 3072 hooks, 4 color<\/strong><\/li>\n<\/ul>\n<p><strong>Tuck-in, double beam, installed and running situation<\/strong><\/p>","protected":false},"excerpt":{"rendered":"<p>28 pcs Dornier LVW-2 Airjet Jacquard Weaving Machine, 340 cm width, 1997 model,<\/p>\n<ul>\n<li>14 pcs Staubli CX860, 2688 hooks, 2 color<\/li>\n<li>14 pcs Staubli LX1600, 3072 hooks, 4 color<\/li>\n<\/ul>\n<p>Tuck-in, double beam, installed and running situation<\/p>","protected":false},"featured_media":22963,"template":"","meta":{"googlesitekit_rrm_CAown9nKDA:productID":"","_joinchat":[],"jetpack_publicize_message":"","jetpack_publicize_feature_enabled":true,"jetpack_social_post_already_shared":true,"jetpack_social_options":{"image_generator_settings":{"template":"highway","default_image_id":0,"font":"","enabled":false},"version":2}},"pwb-brand":[372],"product_brand":[],"product_cat":[369],"product_tag":[],"class_list":{"0":"post-22962","1":"product","2":"type-product","3":"status-publish","4":"has-post-thumbnail","6":"pwb-brand-dornier","7":"pwb-model-125","8":"product_cat-dornier-dokuma-makinalari","10":"first","11":"instock","12":"shipping-taxable","13":"product-type-simple"},"models":[{"id":125,"name":"1997","slug":"1997"}],"proviences":[],"jetpack_publicize_connections":[],"brands":[{"id":372,"name":"Dornier","slug":"dornier"}],"_links":{"self":[{"href":"https:\/\/www.mertkomak.com\/en\/wp-json\/wp\/v2\/product\/22962","targetHints":{"allow":["GET"]}}],"collection":[{"href":"https:\/\/www.mertkomak.com\/en\/wp-json\/wp\/v2\/product"}],"about":[{"href":"https:\/\/www.mertkomak.com\/en\/wp-json\/wp\/v2\/types\/product"}],"wp:featuredmedia":[{"embeddable":true,"href":"https:\/\/www.mertkomak.com\/en\/wp-json\/wp\/v2\/media\/22963"}],"wp:attachment":[{"href":"https:\/\/www.mertkomak.com\/en\/wp-json\/wp\/v2\/media?parent=22962"}],"wp:term":[{"taxonomy":"pwb-brand","embeddable":true,"href":"https:\/\/www.mertkomak.com\/en\/wp-json\/wp\/v2\/pwb-brand?post=22962"},{"taxonomy":"product_brand","embeddable":true,"href":"https:\/\/www.mertkomak.com\/en\/wp-json\/wp\/v2\/product_brand?post=22962"},{"taxonomy":"product_cat","embeddable":true,"href":"https:\/\/www.mertkomak.com\/en\/wp-json\/wp\/v2\/product_cat?post=22962"},{"taxonomy":"product_tag","embeddable":true,"href":"https:\/\/www.mertkomak.com\/en\/wp-json\/wp\/v2\/product_tag?post=22962"}],"curies":[{"name":"wp","href":"https:\/\/api.w.org\/{rel}","templated":true}]}}