{"id":22970,"date":"2026-03-09T14:03:22","date_gmt":"2026-03-09T11:03:22","guid":{"rendered":"https:\/\/www.mertkomak.com\/?post_type=product&#038;p=22970"},"modified":"2026-03-09T14:03:51","modified_gmt":"2026-03-09T11:03:51","slug":"05032","status":"publish","type":"product","link":"https:\/\/www.mertkomak.com\/en\/magaza\/05032\/","title":{"rendered":"Komple Sat\u0131l\u0131k D\u00f6\u015femelik Kuma\u015f Kadife Tesis"},"content":{"rendered":"<p><strong>Complete Sale Upholstery Fabric Velvet Plant:<\/strong><\/p>\n<ul>\n<li><strong>1 pc Van De Wiele MPS22 Marka Dobby Velvet Weaving Machine, 175 cm width, 1987 model, mechanical staubli dobby, 9 shafts, 2 pcs weft feeding motor, 4 pcs warping beam (3 pcs on the machine, 1 pc spare)<\/strong><\/li>\n<li><strong>4 pcs Van De Wiele VMM22 Marka Dobby Velvet Weaving Machine, 175 cm width, 1989-1990 model, mechanical staubli dobby, 9-12 shafts, 2 pcs weft feeding motor, 4 pcs warping beam (3 pcs on the machine, 1 pc spare)<\/strong><\/li>\n<li><strong>1 pc warping machine, 400 spindles<\/strong><\/li>\n<li><strong>2 pcs inspection machine, 1 pc Guven Celik brand, 1 pc TA marka<\/strong><\/li>\n<li><strong>1 pc M\u00fcksa brand cops winding machine, 2016 model, 6 spindles, with meter counter<\/strong><\/li>\n<\/ul>\n<p><strong>All machines are installed and in running situation<\/strong><\/p>","protected":false},"excerpt":{"rendered":"<p>Komple sat\u0131l\u0131k d\u00f6\u015femelik kuma\u015f kadife tesis:<\/p>\n<ul>\n<li>1 pc Van De Wiele MPS22 Marka Dobby Velvet Weaving Machine, 175 cm width, 1987 model, mechanical staubli dobby, 9 shafts, 2 pcs weft feeding motor, 4 pcs warping beam (3 pcs on the machine, 1 pc spare)<\/li>\n<li>4 pcs Van De Wiele VMM22 Marka Dobby Velvet Weaving Machine, 175 cm width, 1989-1990 model, mechanical staubli dobby, 9-12 shafts, 2 pcs weft feeding motor, 4 pcs warping beam (3 pcs on the machine, 1 pc spare)<\/li>\n<li>1 pc warping machine, 400 spindles<\/li>\n<li>2 pcs inspection machine, 1 pc Guven Celik brand, 1 pc TA marka<\/li>\n<li>1 pc M\u00fcksa brand cops winding machine, 2016 model, 6 spindles, with meter counter<\/li>\n<\/ul>\n<p>All machines are installed and in running situation<\/p>","protected":false},"featured_media":22981,"template":"","meta":{"googlesitekit_rrm_CAown9nKDA:productID":"","_joinchat":[],"jetpack_publicize_message":"","jetpack_publicize_feature_enabled":true,"jetpack_social_post_already_shared":true,"jetpack_social_options":{"image_generator_settings":{"template":"highway","default_image_id":0,"font":"","enabled":false},"version":2}},"pwb-brand":[926],"product_brand":[],"product_cat":[933],"product_tag":[],"class_list":{"0":"post-22970","1":"product","2":"type-product","3":"status-publish","4":"has-post-thumbnail","6":"pwb-brand-van-de-wiele","7":"pwb-model-160","8":"product_cat-kadife-dokuma-makinalari","10":"first","11":"instock","12":"shipping-taxable","13":"product-type-simple"},"models":[{"id":160,"name":"1990","slug":"1990"}],"proviences":[],"jetpack_publicize_connections":[],"brands":[{"id":926,"name":"Van De Wiele","slug":"van-de-wiele"}],"_links":{"self":[{"href":"https:\/\/www.mertkomak.com\/en\/wp-json\/wp\/v2\/product\/22970","targetHints":{"allow":["GET"]}}],"collection":[{"href":"https:\/\/www.mertkomak.com\/en\/wp-json\/wp\/v2\/product"}],"about":[{"href":"https:\/\/www.mertkomak.com\/en\/wp-json\/wp\/v2\/types\/product"}],"wp:featuredmedia":[{"embeddable":true,"href":"https:\/\/www.mertkomak.com\/en\/wp-json\/wp\/v2\/media\/22981"}],"wp:attachment":[{"href":"https:\/\/www.mertkomak.com\/en\/wp-json\/wp\/v2\/media?parent=22970"}],"wp:term":[{"taxonomy":"pwb-brand","embeddable":true,"href":"https:\/\/www.mertkomak.com\/en\/wp-json\/wp\/v2\/pwb-brand?post=22970"},{"taxonomy":"product_brand","embeddable":true,"href":"https:\/\/www.mertkomak.com\/en\/wp-json\/wp\/v2\/product_brand?post=22970"},{"taxonomy":"product_cat","embeddable":true,"href":"https:\/\/www.mertkomak.com\/en\/wp-json\/wp\/v2\/product_cat?post=22970"},{"taxonomy":"product_tag","embeddable":true,"href":"https:\/\/www.mertkomak.com\/en\/wp-json\/wp\/v2\/product_tag?post=22970"}],"curies":[{"name":"wp","href":"https:\/\/api.w.org\/{rel}","templated":true}]}}