{"id":23323,"date":"2026-05-05T14:15:22","date_gmt":"2026-05-05T11:15:22","guid":{"rendered":"https:\/\/www.mertkomak.com\/?post_type=product&#038;p=23323"},"modified":"2026-05-05T14:15:22","modified_gmt":"2026-05-05T11:15:22","slug":"3-40-mt-eninde-gelinlik-ve-tul-perde-baski-ve-sim-dokme-tesisi","status":"publish","type":"product","link":"https:\/\/www.mertkomak.com\/en\/magaza\/3-40-mt-eninde-gelinlik-ve-tul-perde-baski-ve-sim-dokme-tesisi\/","title":{"rendered":"3.40 mt Eninde Gelinlik ve T\u00fcl Perde Bask\u0131 ve Sim D\u00f6kme Tesisi"},"content":{"rendered":"<p>1- 3.40 mt eninde Tek kafa rotasyon bask\u0131 makinas\u0131 ve sim d\u00f6kme \u00fcnitesi ( yerli )<\/p>\n<p>2- 3.40 mt eninde 9 kamara ( her kamara 1.20 mt eninde ) elektrikli bantl\u0131 kurutma\u00a0 makinas\u0131 ( yerli )<\/p>\n<p>3- \u015eablon Y\u0131kama makinas\u0131 ( yerli )<\/p>\n<p>4- kuma\u015f f\u0131r\u00e7alama makinas\u0131 ( yerli )<\/p>\n<p>5- kuma\u015f 2 ye katlama makinas\u0131 ( yerli )<\/p>\n<p>12 saatte 4000 mt kuma\u015f bask\u0131 ve sim d\u00f6kme kapasiteli<\/p>\n<p>Kurulu ve \u00e7al\u0131\u015f\u0131r durumda .<\/p>\n<p><strong>Komple Sat\u0131l\u0131k<\/strong><\/p>\n<p>&nbsp;<\/p>","protected":false},"excerpt":{"rendered":"<p>1- 3.40 mt eninde Tek kafa rotasyon bask\u0131 makinas\u0131 ve sim d\u00f6kme \u00fcnitesi ( yerli )<\/p>\n<p>2- 3.40 mt eninde 9 kamara ( her kamara 1.20 mt eninde ) elektrikli bantl\u0131 kurutma\u00a0 makinas\u0131 ( yerli )<\/p>\n<p>3- \u015eablon Y\u0131kama makinas\u0131 ( yerli )<\/p>\n<p>4- kuma\u015f f\u0131r\u00e7alama makinas\u0131 ( yerli )<\/p>\n<p>5- kuma\u015f 2 ye katlama makinas\u0131 ( yerli )<\/p>\n<p>12 saatte 4000 mt kuma\u015f bask\u0131 ve sim d\u00f6kme kapasiteli<\/p>\n<p>Kurulu ve \u00e7al\u0131\u015f\u0131r durumda .<\/p>\n<p><strong>Komple Sat\u0131l\u0131k<\/strong><\/p>","protected":false},"featured_media":23332,"template":"","meta":{"googlesitekit_rrm_CAown9nKDA:productID":"","_joinchat":[],"jetpack_publicize_message":"","jetpack_publicize_feature_enabled":true,"jetpack_social_post_already_shared":true,"jetpack_social_options":{"image_generator_settings":{"template":"highway","default_image_id":0,"font":"","enabled":false},"version":2}},"pwb-brand":[1009],"product_brand":[],"product_cat":[200],"product_tag":[],"class_list":{"0":"post-23323","1":"product","2":"type-product","3":"status-publish","4":"has-post-thumbnail","6":"pwb-brand-yerli-mali","7":"pwb-model-101","8":"product_cat-rotasyon-baski-makinalari","10":"first","11":"instock","12":"shipping-taxable","13":"product-type-simple"},"models":[{"id":101,"name":"2020","slug":"2020"}],"proviences":[],"jetpack_publicize_connections":[],"brands":[{"id":1009,"name":"Yerli Mal\u0131","slug":"yerli-mali"}],"_links":{"self":[{"href":"https:\/\/www.mertkomak.com\/en\/wp-json\/wp\/v2\/product\/23323","targetHints":{"allow":["GET"]}}],"collection":[{"href":"https:\/\/www.mertkomak.com\/en\/wp-json\/wp\/v2\/product"}],"about":[{"href":"https:\/\/www.mertkomak.com\/en\/wp-json\/wp\/v2\/types\/product"}],"wp:featuredmedia":[{"embeddable":true,"href":"https:\/\/www.mertkomak.com\/en\/wp-json\/wp\/v2\/media\/23332"}],"wp:attachment":[{"href":"https:\/\/www.mertkomak.com\/en\/wp-json\/wp\/v2\/media?parent=23323"}],"wp:term":[{"taxonomy":"pwb-brand","embeddable":true,"href":"https:\/\/www.mertkomak.com\/en\/wp-json\/wp\/v2\/pwb-brand?post=23323"},{"taxonomy":"product_brand","embeddable":true,"href":"https:\/\/www.mertkomak.com\/en\/wp-json\/wp\/v2\/product_brand?post=23323"},{"taxonomy":"product_cat","embeddable":true,"href":"https:\/\/www.mertkomak.com\/en\/wp-json\/wp\/v2\/product_cat?post=23323"},{"taxonomy":"product_tag","embeddable":true,"href":"https:\/\/www.mertkomak.com\/en\/wp-json\/wp\/v2\/product_tag?post=23323"}],"curies":[{"name":"wp","href":"https:\/\/api.w.org\/{rel}","templated":true}]}}