{"id":5602,"date":"2021-11-27T23:59:43","date_gmt":"2021-11-27T20:59:43","guid":{"rendered":"http:\/\/185.42.175.5\/~mertkomak\/?post_type=product&#038;p=5602"},"modified":"2025-11-28T09:49:39","modified_gmt":"2025-11-28T06:49:39","slug":"03576","status":"publish","type":"product","link":"https:\/\/www.mertkomak.com\/en\/magaza\/03576\/","title":{"rendered":"2 pcs Sulzer Tps 600 Jacquard Towel Weaving Machine, 2.60 mt"},"content":{"rendered":"<div class=\"description\">\n<p><strong>2 pcs Sulzer Tps 600 Jacquard Towel Weaving Machine, 2.60 mt width, 2002 model, Grosse Jumbo Jacquard, 6144 hooks,  2003 model, C20 screen, 3 weft feeding, 1 warping beam (pile), 1 warping beam (basement), 1 fabric beam, dismantled<\/strong><\/p>\n<\/div>\n<h3 class=\"hizli-teklif\"><\/h3>","protected":false},"excerpt":{"rendered":"<div class=\"excerpt\">\n<p>2 adet Sulzer Tps 600 Jakarl\u0131 Havlu Dokuma Makinesi, 2.60 mt eninde, 2002 model, Grosse Jumbo Jakar, 6144 platin, 2003 model, C20 ekran, 3 adet atk\u0131 motoru, 1 adet hav leventi, 1 adet zemin leventi, 1 kuma\u015f leventi, demonte.<\/p>\n<\/div>","protected":false},"featured_media":5688,"template":"","meta":{"googlesitekit_rrm_CAown9nKDA:productID":"","_joinchat":[],"jetpack_publicize_message":"","jetpack_publicize_feature_enabled":true,"jetpack_social_post_already_shared":false,"jetpack_social_options":{"image_generator_settings":{"template":"highway","default_image_id":0,"font":"","enabled":false},"version":2}},"pwb-brand":[405],"product_brand":[],"product_cat":[404],"product_tag":[],"class_list":{"0":"post-5602","1":"product","2":"type-product","3":"status-publish","4":"has-post-thumbnail","6":"pwb-brand-sulzer","7":"pwb-model-96","8":"product_cat-sulzer-smit-dokuma-makinalari","10":"first","11":"instock","12":"shipping-taxable","13":"product-type-simple"},"models":[{"id":96,"name":"2002","slug":"2002"}],"proviences":[],"jetpack_publicize_connections":[],"brands":[{"id":405,"name":"Sulzer","slug":"sulzer"}],"_links":{"self":[{"href":"https:\/\/www.mertkomak.com\/en\/wp-json\/wp\/v2\/product\/5602","targetHints":{"allow":["GET"]}}],"collection":[{"href":"https:\/\/www.mertkomak.com\/en\/wp-json\/wp\/v2\/product"}],"about":[{"href":"https:\/\/www.mertkomak.com\/en\/wp-json\/wp\/v2\/types\/product"}],"wp:featuredmedia":[{"embeddable":true,"href":"https:\/\/www.mertkomak.com\/en\/wp-json\/wp\/v2\/media\/5688"}],"wp:attachment":[{"href":"https:\/\/www.mertkomak.com\/en\/wp-json\/wp\/v2\/media?parent=5602"}],"wp:term":[{"taxonomy":"pwb-brand","embeddable":true,"href":"https:\/\/www.mertkomak.com\/en\/wp-json\/wp\/v2\/pwb-brand?post=5602"},{"taxonomy":"product_brand","embeddable":true,"href":"https:\/\/www.mertkomak.com\/en\/wp-json\/wp\/v2\/product_brand?post=5602"},{"taxonomy":"product_cat","embeddable":true,"href":"https:\/\/www.mertkomak.com\/en\/wp-json\/wp\/v2\/product_cat?post=5602"},{"taxonomy":"product_tag","embeddable":true,"href":"https:\/\/www.mertkomak.com\/en\/wp-json\/wp\/v2\/product_tag?post=5602"}],"curies":[{"name":"wp","href":"https:\/\/api.w.org\/{rel}","templated":true}]}}