{"id":5839,"date":"2021-11-29T09:22:55","date_gmt":"2021-11-29T06:22:55","guid":{"rendered":"http:\/\/185.42.175.5\/~mertkomak\/?post_type=product&#038;p=5839"},"modified":"2024-12-17T13:23:34","modified_gmt":"2024-12-17T10:23:34","slug":"03781","status":"publish","type":"product","link":"https:\/\/www.mertkomak.com\/en\/magaza\/03781\/","title":{"rendered":"Vamatex Leonardo Mechanical Dobby Weaving Machine"},"content":{"rendered":"<h3>4 adet Vamatex Leonardo Mekanik Arm\u00fcll\u00fc Dokuma Makinesi, 2.20 mt eninde, 1998 model, Fimtextile Arm\u00fcl, 20 ayak, 12 \u00e7er\u00e7eve, 3 adet atk\u0131 motoru, 1 kuma\u015f leventi, 1 \u00e7\u00f6zg\u00fc leventi, kurulu ve \u00e7al\u0131\u015f\u0131r durumda<\/h3>","protected":false},"excerpt":{"rendered":"<div class=\"excerpt\">4 pcs Vamatex Leonardo Mechanical Dobby Weaving Machines, 2.20 mt width, 1998 model, Fimtextile Dobby, 20 shafts, 12 frames, 3 weft feeding, 1 fabric beam, 1 warp beam, installed and running situation.<\/div>","protected":false},"featured_media":18779,"template":"","meta":{"googlesitekit_rrm_CAown9nKDA:productID":"","_joinchat":[],"jetpack_publicize_message":"","jetpack_publicize_feature_enabled":true,"jetpack_social_post_already_shared":false,"jetpack_social_options":{"image_generator_settings":{"template":"highway","default_image_id":0,"font":"","enabled":false},"version":2}},"pwb-brand":[424],"product_brand":[],"product_cat":[421],"product_tag":[],"class_list":{"0":"post-5839","1":"product","2":"type-product","3":"status-publish","4":"has-post-thumbnail","6":"pwb-brand-vamatex","7":"pwb-model-115","8":"product_cat-vamatex-dokuma-makinalari","10":"first","11":"instock","12":"shipping-taxable","13":"product-type-simple"},"models":[{"id":115,"name":"1998","slug":"1998"}],"proviences":[],"jetpack_publicize_connections":[],"brands":[{"id":424,"name":"Vamatex","slug":"vamatex"}],"_links":{"self":[{"href":"https:\/\/www.mertkomak.com\/en\/wp-json\/wp\/v2\/product\/5839","targetHints":{"allow":["GET"]}}],"collection":[{"href":"https:\/\/www.mertkomak.com\/en\/wp-json\/wp\/v2\/product"}],"about":[{"href":"https:\/\/www.mertkomak.com\/en\/wp-json\/wp\/v2\/types\/product"}],"wp:featuredmedia":[{"embeddable":true,"href":"https:\/\/www.mertkomak.com\/en\/wp-json\/wp\/v2\/media\/18779"}],"wp:attachment":[{"href":"https:\/\/www.mertkomak.com\/en\/wp-json\/wp\/v2\/media?parent=5839"}],"wp:term":[{"taxonomy":"pwb-brand","embeddable":true,"href":"https:\/\/www.mertkomak.com\/en\/wp-json\/wp\/v2\/pwb-brand?post=5839"},{"taxonomy":"product_brand","embeddable":true,"href":"https:\/\/www.mertkomak.com\/en\/wp-json\/wp\/v2\/product_brand?post=5839"},{"taxonomy":"product_cat","embeddable":true,"href":"https:\/\/www.mertkomak.com\/en\/wp-json\/wp\/v2\/product_cat?post=5839"},{"taxonomy":"product_tag","embeddable":true,"href":"https:\/\/www.mertkomak.com\/en\/wp-json\/wp\/v2\/product_tag?post=5839"}],"curies":[{"name":"wp","href":"https:\/\/api.w.org\/{rel}","templated":true}]}}