{"id":6558,"date":"2021-11-29T18:00:39","date_gmt":"2021-11-29T15:00:39","guid":{"rendered":"http:\/\/185.42.175.5\/~mertkomak\/?post_type=product&#038;p=6558"},"modified":"2022-04-07T10:09:33","modified_gmt":"2022-04-07T07:09:33","slug":"fadis-tuan-fs","status":"publish","type":"product","link":"https:\/\/www.mertkomak.com\/en\/magaza\/fadis-tuan-fs\/","title":{"rendered":"Fadis Tuan\/Fs Yarn Rewinding Machine"},"content":{"rendered":"<div class=\"description\">\n<h2 class=\"excerpt\">6 adet Fadis Tuan\/Fs \u0130plik Aktarma Makinas\u0131, 48 g\u00f6z, 1996 model, 6 kademe, 350 \u2013 600 m\/dk h\u0131z, kurulu ve \u00e7al\u0131\u015f\u0131r durumda.<\/h2>\n<\/div>\n<h2 class=\"hizli-teklif\"><\/h2>","protected":false},"excerpt":{"rendered":"<div class=\"excerpt\">6 Fadis Tuan \/ Fs Yarn Transfer Machines, 48 \u200b\u200bspindles, 1996 model, 6 stages, 350 - 600 m \/ min speed, running situation.<\/div>","protected":false},"featured_media":6559,"template":"","meta":{"googlesitekit_rrm_CAown9nKDA:productID":"","_joinchat":[],"jetpack_publicize_message":"","jetpack_publicize_feature_enabled":true,"jetpack_social_post_already_shared":false,"jetpack_social_options":{"image_generator_settings":{"template":"highway","default_image_id":0,"font":"","enabled":false},"version":2}},"pwb-brand":[493],"product_brand":[],"product_cat":[490],"product_tag":[],"class_list":{"0":"post-6558","1":"product","2":"type-product","3":"status-publish","4":"has-post-thumbnail","6":"pwb-brand-fadis","7":"pwb-model-92","8":"product_cat-iplik-aktarma-makinalari","10":"first","11":"instock","12":"shipping-taxable","13":"product-type-simple"},"models":[{"id":92,"name":"1996","slug":"1996"}],"proviences":[],"jetpack_publicize_connections":[],"brands":[{"id":493,"name":"Fadis","slug":"fadis"}],"_links":{"self":[{"href":"https:\/\/www.mertkomak.com\/en\/wp-json\/wp\/v2\/product\/6558","targetHints":{"allow":["GET"]}}],"collection":[{"href":"https:\/\/www.mertkomak.com\/en\/wp-json\/wp\/v2\/product"}],"about":[{"href":"https:\/\/www.mertkomak.com\/en\/wp-json\/wp\/v2\/types\/product"}],"wp:featuredmedia":[{"embeddable":true,"href":"https:\/\/www.mertkomak.com\/en\/wp-json\/wp\/v2\/media\/6559"}],"wp:attachment":[{"href":"https:\/\/www.mertkomak.com\/en\/wp-json\/wp\/v2\/media?parent=6558"}],"wp:term":[{"taxonomy":"pwb-brand","embeddable":true,"href":"https:\/\/www.mertkomak.com\/en\/wp-json\/wp\/v2\/pwb-brand?post=6558"},{"taxonomy":"product_brand","embeddable":true,"href":"https:\/\/www.mertkomak.com\/en\/wp-json\/wp\/v2\/product_brand?post=6558"},{"taxonomy":"product_cat","embeddable":true,"href":"https:\/\/www.mertkomak.com\/en\/wp-json\/wp\/v2\/product_cat?post=6558"},{"taxonomy":"product_tag","embeddable":true,"href":"https:\/\/www.mertkomak.com\/en\/wp-json\/wp\/v2\/product_tag?post=6558"}],"curies":[{"name":"wp","href":"https:\/\/api.w.org\/{rel}","templated":true}]}}