{"id":6879,"date":"2021-11-30T11:41:34","date_gmt":"2021-11-30T08:41:34","guid":{"rendered":"http:\/\/185.42.175.5\/~mertkomak\/?post_type=product&#038;p=6879"},"modified":"2025-10-28T13:48:30","modified_gmt":"2025-10-28T10:48:30","slug":"02702","status":"publish","type":"product","link":"https:\/\/www.mertkomak.com\/en\/magaza\/02702\/","title":{"rendered":"4 Adet RPR GSP 22 likral\u0131 \u0130plik single cover ve double cover b\u00fck\u00fcm makinas\u0131"},"content":{"rendered":"<div class=\"description\">\n<p class=\"excerpt\"><strong>4 pcs RPR GSP 22 Lycra Yarn Single Cover and Double Cover Twisting Machine, 1997 model, each with 220 spindles, both lycra twisting and metalic yarn twisting (for embroidery yarn) feature, with creel, 2 bobbin available in 14x10 and 14x8 sizes, installed and running position.<\/strong><\/p>\n<\/div>\n<h3 class=\"hizli-teklif\"><\/h3>","protected":false},"excerpt":{"rendered":"<div class=\"excerpt\">4 pcs RPR GSP 22 Lycra Yarn Single Cover and Double Cover Twisting Machine, 1997 model, each with 220 spindles, both lycra twisting and metalic yarn twisting (for embroidery yarn) feature, with creel, 2 bobbin available in 14x10 and 14x8 sizes, installed and running position.<\/div>","protected":false},"featured_media":6880,"template":"","meta":{"googlesitekit_rrm_CAown9nKDA:productID":"","_joinchat":[],"jetpack_publicize_message":"","jetpack_publicize_feature_enabled":true,"jetpack_social_post_already_shared":false,"jetpack_social_options":{"image_generator_settings":{"template":"highway","default_image_id":0,"font":"","enabled":false},"version":2}},"pwb-brand":[795],"product_brand":[],"product_cat":[528],"product_tag":[],"class_list":{"0":"post-6879","1":"product","2":"type-product","3":"status-publish","4":"has-post-thumbnail","6":"pwb-brand-rpr","7":"pwb-model-125","8":"product_cat-iplik-kaplama-covering-makinalari","10":"first","11":"instock","12":"shipping-taxable","13":"product-type-simple"},"models":[{"id":125,"name":"1997","slug":"1997"}],"proviences":[],"jetpack_publicize_connections":[],"brands":[{"id":795,"name":"RPR","slug":"rpr"}],"_links":{"self":[{"href":"https:\/\/www.mertkomak.com\/en\/wp-json\/wp\/v2\/product\/6879","targetHints":{"allow":["GET"]}}],"collection":[{"href":"https:\/\/www.mertkomak.com\/en\/wp-json\/wp\/v2\/product"}],"about":[{"href":"https:\/\/www.mertkomak.com\/en\/wp-json\/wp\/v2\/types\/product"}],"wp:featuredmedia":[{"embeddable":true,"href":"https:\/\/www.mertkomak.com\/en\/wp-json\/wp\/v2\/media\/6880"}],"wp:attachment":[{"href":"https:\/\/www.mertkomak.com\/en\/wp-json\/wp\/v2\/media?parent=6879"}],"wp:term":[{"taxonomy":"pwb-brand","embeddable":true,"href":"https:\/\/www.mertkomak.com\/en\/wp-json\/wp\/v2\/pwb-brand?post=6879"},{"taxonomy":"product_brand","embeddable":true,"href":"https:\/\/www.mertkomak.com\/en\/wp-json\/wp\/v2\/product_brand?post=6879"},{"taxonomy":"product_cat","embeddable":true,"href":"https:\/\/www.mertkomak.com\/en\/wp-json\/wp\/v2\/product_cat?post=6879"},{"taxonomy":"product_tag","embeddable":true,"href":"https:\/\/www.mertkomak.com\/en\/wp-json\/wp\/v2\/product_tag?post=6879"}],"curies":[{"name":"wp","href":"https:\/\/api.w.org\/{rel}","templated":true}]}}