{"id":727,"date":"2021-11-18T11:56:45","date_gmt":"2021-11-18T08:56:45","guid":{"rendered":"http:\/\/185.42.175.5\/~mertkomak\/?post_type=product&#038;p=727"},"modified":"2022-02-11T14:36:24","modified_gmt":"2022-02-11T11:36:24","slug":"reggiani-renoir-compact-2","status":"publish","type":"product","link":"https:\/\/www.mertkomak.com\/en\/magaza\/reggiani-renoir-compact-2\/","title":{"rendered":"Reggiani Renoir Compact Digital Fabric Printing Machine"},"content":{"rendered":"<h3>Reggiani Renoir Compact 180\/16\/8+8 Dijital Kuma\u015f Bask\u0131 Makinas\u0131,<\/h3>\n<h3>1.80mt bask\u0131 geni\u015fli\u011fi,<\/h3>\n<h3>2013 model,<\/h3>\n<h3>16 color capacity, 8 heads available,<\/h3>\n<h3>620 m2\/saat maksimum h\u0131z,<\/h3>\n<h3>4 ile 72 pl aras\u0131 damla boyutu,<\/h3>\n<h3>2400 DPI \u00e7\u00f6z\u00fcn\u00fcrl\u00fck,<\/h3>\n<h3>40 ile 160 gr\/m2 aras\u0131 ka\u011f\u0131t a\u011f\u0131rl\u0131\u011f\u0131 ile \u00e7al\u0131\u015f\u0131r,<\/h3>\n<h3>Giri\u015f: \u00f8 900 mm\u2019e kadar Jumbo Roll \u00e7\u00f6z\u00fcc\u00fc,<\/h3>\n<h3>\u00c7\u0131k\u0131\u015f: Otomatik bobin de\u011fi\u015ftirmeli sarma tareti (\u00f8 350mm\u2019e kadar 2 rulo),<\/h3>\n<h3>1 kamara gazl\u0131 kurutma,<\/h3>\n<h3>\u00e7ok iyi durumda,<\/h3>\n<h3>sadece sublimasyon bask\u0131 i\u00e7in kullan\u0131lm\u0131\u015f,<\/h3>\n<h3>Installed and running situation<\/h3>","protected":false},"excerpt":{"rendered":"<p>Reggiani Renoir Compact 180\/16\/8+8 Digital Fabric Printing Machine, 1.80mt printing width, 2013 model, 16 color capacity, 8 heads available, 620 m2\/hour maximum speed, 1 chamber gas heated drying, in very good condition as only used for sublimation printing, installed and running condition (Please check Machine Details for more information).<\/p>","protected":false},"featured_media":741,"template":"","meta":{"googlesitekit_rrm_CAown9nKDA:productID":"","_joinchat":[],"jetpack_publicize_message":"","jetpack_publicize_feature_enabled":true,"jetpack_social_post_already_shared":false,"jetpack_social_options":{"image_generator_settings":{"template":"highway","default_image_id":0,"font":"","enabled":false},"version":2}},"pwb-brand":[71],"product_brand":[],"product_cat":[67],"product_tag":[],"class_list":{"0":"post-727","1":"product","2":"type-product","3":"status-publish","4":"has-post-thumbnail","6":"pwb-brand-reggiani","7":"pwb-model-89","8":"product_cat-dijital-kumas-baski-makineleri","10":"first","11":"instock","12":"shipping-taxable","13":"product-type-simple"},"models":[{"id":89,"name":"2013","slug":"2013"}],"proviences":[],"jetpack_publicize_connections":[],"brands":[{"id":71,"name":"Reggiani","slug":"reggiani"}],"_links":{"self":[{"href":"https:\/\/www.mertkomak.com\/en\/wp-json\/wp\/v2\/product\/727","targetHints":{"allow":["GET"]}}],"collection":[{"href":"https:\/\/www.mertkomak.com\/en\/wp-json\/wp\/v2\/product"}],"about":[{"href":"https:\/\/www.mertkomak.com\/en\/wp-json\/wp\/v2\/types\/product"}],"wp:featuredmedia":[{"embeddable":true,"href":"https:\/\/www.mertkomak.com\/en\/wp-json\/wp\/v2\/media\/741"}],"wp:attachment":[{"href":"https:\/\/www.mertkomak.com\/en\/wp-json\/wp\/v2\/media?parent=727"}],"wp:term":[{"taxonomy":"pwb-brand","embeddable":true,"href":"https:\/\/www.mertkomak.com\/en\/wp-json\/wp\/v2\/pwb-brand?post=727"},{"taxonomy":"product_brand","embeddable":true,"href":"https:\/\/www.mertkomak.com\/en\/wp-json\/wp\/v2\/product_brand?post=727"},{"taxonomy":"product_cat","embeddable":true,"href":"https:\/\/www.mertkomak.com\/en\/wp-json\/wp\/v2\/product_cat?post=727"},{"taxonomy":"product_tag","embeddable":true,"href":"https:\/\/www.mertkomak.com\/en\/wp-json\/wp\/v2\/product_tag?post=727"}],"curies":[{"name":"wp","href":"https:\/\/api.w.org\/{rel}","templated":true}]}}