{"id":8161,"date":"2021-12-01T13:47:17","date_gmt":"2021-12-01T10:47:17","guid":{"rendered":"http:\/\/185.42.175.5\/~mertkomak\/?post_type=product&#038;p=8161"},"modified":"2025-07-09T12:49:39","modified_gmt":"2025-07-09T09:49:39","slug":"ssm-yedek-parca-spare-parts-45","status":"publish","type":"product","link":"https:\/\/www.mertkomak.com\/en\/magaza\/ssm-yedek-parca-spare-parts-45\/","title":{"rendered":"11 x Is\u0131t\u0131c\u0131 Godet SSM Yedek Par\u00e7a\/ Spare Parts"},"content":{"rendered":"<p>11 x Is\u0131t\u0131c\u0131 Godet<\/p>","protected":false},"excerpt":{"rendered":"<p>11 x Is\u0131t\u0131c\u0131 Godet.<\/p>","protected":false},"featured_media":8177,"template":"","meta":{"googlesitekit_rrm_CAown9nKDA:productID":"","_joinchat":[],"jetpack_publicize_message":"","jetpack_publicize_feature_enabled":true,"jetpack_social_post_already_shared":false,"jetpack_social_options":{"image_generator_settings":{"template":"highway","default_image_id":0,"font":"","enabled":false},"version":2}},"pwb-brand":[502],"product_brand":[],"product_cat":[649],"product_tag":[],"class_list":{"0":"post-8161","1":"product","2":"type-product","3":"status-publish","4":"has-post-thumbnail","6":"pwb-brand-ssm","7":"product_cat-yedek-parca-iplik-makinalari","9":"first","10":"instock","11":"shipping-taxable","12":"product-type-simple"},"models":[],"proviences":[],"jetpack_publicize_connections":[],"brands":[{"id":502,"name":"SSM","slug":"ssm"}],"_links":{"self":[{"href":"https:\/\/www.mertkomak.com\/en\/wp-json\/wp\/v2\/product\/8161","targetHints":{"allow":["GET"]}}],"collection":[{"href":"https:\/\/www.mertkomak.com\/en\/wp-json\/wp\/v2\/product"}],"about":[{"href":"https:\/\/www.mertkomak.com\/en\/wp-json\/wp\/v2\/types\/product"}],"wp:featuredmedia":[{"embeddable":true,"href":"https:\/\/www.mertkomak.com\/en\/wp-json\/wp\/v2\/media\/8177"}],"wp:attachment":[{"href":"https:\/\/www.mertkomak.com\/en\/wp-json\/wp\/v2\/media?parent=8161"}],"wp:term":[{"taxonomy":"pwb-brand","embeddable":true,"href":"https:\/\/www.mertkomak.com\/en\/wp-json\/wp\/v2\/pwb-brand?post=8161"},{"taxonomy":"product_brand","embeddable":true,"href":"https:\/\/www.mertkomak.com\/en\/wp-json\/wp\/v2\/product_brand?post=8161"},{"taxonomy":"product_cat","embeddable":true,"href":"https:\/\/www.mertkomak.com\/en\/wp-json\/wp\/v2\/product_cat?post=8161"},{"taxonomy":"product_tag","embeddable":true,"href":"https:\/\/www.mertkomak.com\/en\/wp-json\/wp\/v2\/product_tag?post=8161"}],"curies":[{"name":"wp","href":"https:\/\/api.w.org\/{rel}","templated":true}]}}