{"id":8178,"date":"2021-12-01T13:51:19","date_gmt":"2021-12-01T10:51:19","guid":{"rendered":"http:\/\/185.42.175.5\/~mertkomak\/?post_type=product&#038;p=8178"},"modified":"2025-07-09T12:47:57","modified_gmt":"2025-07-09T09:47:57","slug":"03386-2","status":"publish","type":"product","link":"https:\/\/www.mertkomak.com\/en\/magaza\/03386-2\/","title":{"rendered":"33 x Bobin S\u0131k\u0131\u015ft\u0131r\u0131c\u0131 SSM Yedek Par\u00e7a\/ Spare Parts"},"content":{"rendered":"<h3>33 Pieces of Bobbin Compressor<\/h3>","protected":false},"excerpt":{"rendered":"<p>33 Pieces of Bobbin Compressor<\/p>","protected":false},"featured_media":18573,"template":"","meta":{"googlesitekit_rrm_CAown9nKDA:productID":"","_joinchat":[],"jetpack_publicize_message":"","jetpack_publicize_feature_enabled":true,"jetpack_social_post_already_shared":false,"jetpack_social_options":{"image_generator_settings":{"template":"highway","default_image_id":0,"font":"","enabled":false},"version":2}},"pwb-brand":[502],"product_brand":[],"product_cat":[649],"product_tag":[],"class_list":{"0":"post-8178","1":"product","2":"type-product","3":"status-publish","4":"has-post-thumbnail","6":"pwb-brand-ssm","7":"product_cat-yedek-parca-iplik-makinalari","9":"first","10":"instock","11":"shipping-taxable","12":"product-type-simple"},"models":[],"proviences":[],"jetpack_publicize_connections":[],"brands":[{"id":502,"name":"SSM","slug":"ssm"}],"_links":{"self":[{"href":"https:\/\/www.mertkomak.com\/en\/wp-json\/wp\/v2\/product\/8178","targetHints":{"allow":["GET"]}}],"collection":[{"href":"https:\/\/www.mertkomak.com\/en\/wp-json\/wp\/v2\/product"}],"about":[{"href":"https:\/\/www.mertkomak.com\/en\/wp-json\/wp\/v2\/types\/product"}],"wp:featuredmedia":[{"embeddable":true,"href":"https:\/\/www.mertkomak.com\/en\/wp-json\/wp\/v2\/media\/18573"}],"wp:attachment":[{"href":"https:\/\/www.mertkomak.com\/en\/wp-json\/wp\/v2\/media?parent=8178"}],"wp:term":[{"taxonomy":"pwb-brand","embeddable":true,"href":"https:\/\/www.mertkomak.com\/en\/wp-json\/wp\/v2\/pwb-brand?post=8178"},{"taxonomy":"product_brand","embeddable":true,"href":"https:\/\/www.mertkomak.com\/en\/wp-json\/wp\/v2\/product_brand?post=8178"},{"taxonomy":"product_cat","embeddable":true,"href":"https:\/\/www.mertkomak.com\/en\/wp-json\/wp\/v2\/product_cat?post=8178"},{"taxonomy":"product_tag","embeddable":true,"href":"https:\/\/www.mertkomak.com\/en\/wp-json\/wp\/v2\/product_tag?post=8178"}],"curies":[{"name":"wp","href":"https:\/\/api.w.org\/{rel}","templated":true}]}}