{"id":8222,"date":"2021-12-01T14:01:08","date_gmt":"2021-12-01T11:01:08","guid":{"rendered":"http:\/\/185.42.175.5\/~mertkomak\/?post_type=product&#038;p=8222"},"modified":"2025-07-09T12:19:42","modified_gmt":"2025-07-09T09:19:42","slug":"03380","status":"publish","type":"product","link":"https:\/\/www.mertkomak.com\/en\/magaza\/03380\/","title":{"rendered":"22 x SSM K\u00fc\u00e7\u00fck Piston &#8211; Yedek Par\u00e7a\/ Spare Parts"},"content":{"rendered":"<h3>22 Pieces of Small Piston<\/h3>","protected":false},"excerpt":{"rendered":"<p>22 Pieces of Small Piston<\/p>","protected":false},"featured_media":18567,"template":"","meta":{"googlesitekit_rrm_CAown9nKDA:productID":"","_joinchat":[],"jetpack_publicize_message":"","jetpack_publicize_feature_enabled":true,"jetpack_social_post_already_shared":false,"jetpack_social_options":{"image_generator_settings":{"template":"highway","default_image_id":0,"font":"","enabled":false},"version":2}},"pwb-brand":[502],"product_brand":[],"product_cat":[649],"product_tag":[],"class_list":{"0":"post-8222","1":"product","2":"type-product","3":"status-publish","4":"has-post-thumbnail","6":"pwb-brand-ssm","7":"pwb-model-sifir-new","8":"product_cat-yedek-parca-iplik-makinalari","10":"first","11":"instock","12":"shipping-taxable","13":"product-type-simple"},"models":[{"id":651,"name":"SIFIR - NEW","slug":"sifir-new"}],"proviences":[],"jetpack_publicize_connections":[],"brands":[{"id":502,"name":"SSM","slug":"ssm"}],"_links":{"self":[{"href":"https:\/\/www.mertkomak.com\/en\/wp-json\/wp\/v2\/product\/8222","targetHints":{"allow":["GET"]}}],"collection":[{"href":"https:\/\/www.mertkomak.com\/en\/wp-json\/wp\/v2\/product"}],"about":[{"href":"https:\/\/www.mertkomak.com\/en\/wp-json\/wp\/v2\/types\/product"}],"wp:featuredmedia":[{"embeddable":true,"href":"https:\/\/www.mertkomak.com\/en\/wp-json\/wp\/v2\/media\/18567"}],"wp:attachment":[{"href":"https:\/\/www.mertkomak.com\/en\/wp-json\/wp\/v2\/media?parent=8222"}],"wp:term":[{"taxonomy":"pwb-brand","embeddable":true,"href":"https:\/\/www.mertkomak.com\/en\/wp-json\/wp\/v2\/pwb-brand?post=8222"},{"taxonomy":"product_brand","embeddable":true,"href":"https:\/\/www.mertkomak.com\/en\/wp-json\/wp\/v2\/product_brand?post=8222"},{"taxonomy":"product_cat","embeddable":true,"href":"https:\/\/www.mertkomak.com\/en\/wp-json\/wp\/v2\/product_cat?post=8222"},{"taxonomy":"product_tag","embeddable":true,"href":"https:\/\/www.mertkomak.com\/en\/wp-json\/wp\/v2\/product_tag?post=8222"}],"curies":[{"name":"wp","href":"https:\/\/api.w.org\/{rel}","templated":true}]}}